{"id":989,"date":"2015-06-24T23:06:58","date_gmt":"2015-06-24T21:06:58","guid":{"rendered":"http:\/\/ebike-festival.org\/en\/expo\/"},"modified":"2022-02-08T11:21:03","modified_gmt":"2022-02-08T10:21:03","slug":"expo-area","status":"publish","type":"page","link":"https:\/\/ebike-festival.org\/en\/expo-area\/","title":{"rendered":"Expo Area"},"content":{"rendered":"\n<style type=\"text\/css\" data-created_by=\"avia_inline_auto\" id=\"style-css-av-3vu5xh-889ee921c83509998f279cc80da53cb0\">\n.avia-section.av-3vu5xh-889ee921c83509998f279cc80da53cb0{\nbackground-color:#444444;\nbackground-repeat:no-repeat;\nbackground-image:url(https:\/\/ebike-festival.org\/wp-content\/uploads\/sites\/7\/2018\/04\/Andi-Frankebike_2018_00537.jpg);\nbackground-position:50% 50%;\nbackground-attachment:scroll;\n}\n.avia-section.av-3vu5xh-889ee921c83509998f279cc80da53cb0 .av-section-color-overlay{\nopacity:0.2;\nbackground-color:#000000;\n}\n<\/style>\n<div id='av_section_1'  class='avia-section av-3vu5xh-889ee921c83509998f279cc80da53cb0 main_color avia-section-default avia-no-border-styling  avia-builder-el-0  el_before_av_section  avia-builder-el-first  ebike-gray avia-full-stretch avia-bg-style-scroll av-section-color-overlay-active av-minimum-height av-minimum-height-custom  container_wrap fullsize'  data-section-bg-repeat='stretch'><div class=\"av-section-color-overlay-wrap\"><div class=\"av-section-color-overlay\"><\/div><div class='container av-section-cont-open' style='height:400px'><main  role=\"main\" itemprop=\"mainContentOfPage\"  class='template-page content  av-content-full alpha units'><div class='post-entry post-entry-type-page post-entry-989'><div class='entry-content-wrapper clearfix'>\n\n<style type=\"text\/css\" data-created_by=\"avia_inline_auto\" id=\"style-css-av-kzdz2wkp-f3c314c82c5269e26791a4033fa0612b\">\n#top .hr.hr-invisible.av-kzdz2wkp-f3c314c82c5269e26791a4033fa0612b{\nheight:150px;\n}\n<\/style>\n<div  class='hr av-kzdz2wkp-f3c314c82c5269e26791a4033fa0612b hr-invisible  avia-builder-el-1  el_before_av_heading  avia-builder-el-first '><span class='hr-inner '><span class=\"hr-inner-style\"><\/span><\/span><\/div>\n\n<style type=\"text\/css\" data-created_by=\"avia_inline_auto\" id=\"style-css-av-3qdbid-fab30baec716ee0b405444488a35b745\">\n#top .av-special-heading.av-3qdbid-fab30baec716ee0b405444488a35b745{\npadding-bottom:10px;\ncolor:#ffffff;\nfont-size:80px;\n}\nbody .av-special-heading.av-3qdbid-fab30baec716ee0b405444488a35b745 .av-special-heading-tag .heading-char{\nfont-size:25px;\n}\n#top #wrap_all .av-special-heading.av-3qdbid-fab30baec716ee0b405444488a35b745 .av-special-heading-tag{\nfont-size:80px;\n}\n.av-special-heading.av-3qdbid-fab30baec716ee0b405444488a35b745 .special-heading-inner-border{\nborder-color:#ffffff;\n}\n.av-special-heading.av-3qdbid-fab30baec716ee0b405444488a35b745 .av-subheading{\nfont-size:15px;\n}\n<\/style>\n<div  class='av-special-heading av-3qdbid-fab30baec716ee0b405444488a35b745 av-special-heading-h1 custom-color-heading blockquote modern-quote  avia-builder-el-2  el_after_av_hr  avia-builder-el-last  av-inherit-size'><h1 class='av-special-heading-tag'  itemprop=\"headline\"  >Expo Area<\/h1><div class=\"special-heading-border\"><div class=\"special-heading-inner-border\"><\/div><\/div><\/div>\n<\/div><\/div><\/main><!-- close content main element --><\/div><\/div><\/div><div id='av_section_2'  class='avia-section av-37zzn1-92d70008469a9b2fbab80a96076b61ba main_color avia-section-default avia-no-border-styling  avia-builder-el-3  el_after_av_section  el_before_av_section  avia-bg-style-scroll container_wrap fullsize'  ><div class='container av-section-cont-open' ><div class='template-page content  av-content-full alpha units'><div class='post-entry post-entry-type-page post-entry-989'><div class='entry-content-wrapper clearfix'>\n\n<style type=\"text\/css\" data-created_by=\"avia_inline_auto\" id=\"style-css-av-3cla99-a68aa356a59c9e47651fc0efff9e8b40\">\n#top .av-special-heading.av-3cla99-a68aa356a59c9e47651fc0efff9e8b40{\npadding-bottom:40px;\n}\nbody .av-special-heading.av-3cla99-a68aa356a59c9e47651fc0efff9e8b40 .av-special-heading-tag .heading-char{\nfont-size:25px;\n}\n.av-special-heading.av-3cla99-a68aa356a59c9e47651fc0efff9e8b40 .av-subheading{\nfont-size:15px;\n}\n<\/style>\n<div  class='av-special-heading av-3cla99-a68aa356a59c9e47651fc0efff9e8b40 av-special-heading-h2 blockquote modern-quote  avia-builder-el-4  el_before_av_one_half  avia-builder-el-first '><h2 class='av-special-heading-tag'  itemprop=\"headline\"  >Huge expo area with numerous test products<\/h2><div class=\"special-heading-border\"><div class=\"special-heading-inner-border\"><\/div><\/div><\/div>\n<div class='flex_column av-35045h-a90c0932587efc0e112b6d2a44c664c7 av_one_half  avia-builder-el-5  el_after_av_heading  el_before_av_one_half  first flex_column_div '   ><p>\n<style type=\"text\/css\" data-created_by=\"avia_inline_auto\" id=\"style-css-av-6fh1-79beacb64fd51917de43b4b901c42e88\">\n#top .av-special-heading.av-6fh1-79beacb64fd51917de43b4b901c42e88{\npadding-bottom:10px;\n}\nbody .av-special-heading.av-6fh1-79beacb64fd51917de43b4b901c42e88 .av-special-heading-tag .heading-char{\nfont-size:25px;\n}\n.av-special-heading.av-6fh1-79beacb64fd51917de43b4b901c42e88 .av-subheading{\nfont-size:15px;\n}\n<\/style>\n<div  class='av-special-heading av-6fh1-79beacb64fd51917de43b4b901c42e88 av-special-heading-h3  avia-builder-el-6  el_before_av_textblock  avia-builder-el-first '><h3 class='av-special-heading-tag'  itemprop=\"headline\"  >The e-bike experience at the center of focus<\/h3><div class=\"special-heading-border\"><div class=\"special-heading-inner-border\"><\/div><\/div><\/div><br \/>\n<section  class='av_textblock_section av-2o4vt9-45c3acd4276e82f33443e7706d5d5809'  itemscope=\"itemscope\" itemtype=\"https:\/\/schema.org\/CreativeWork\" ><div class='avia_textblock'  itemprop=\"text\" ><p style=\"text-align: justify;\">The large expo area around the Reinoldi Church and in the pedestrian zone in downtown Dortmund will be the center of focus of the DEW21 E \u2014 BIKE Festival Dortmund 2022 presented by SHIMANO. Visitors will be encouraged to experience electric bicycles personally. To this end, we will be offering numerous opportunities for testing and test courses in Dortmund and surroundings. Visitors can be sure to find the right terrain for any bicycle and any taste.<\/p>\n<p style=\"text-align: justify;\">Up to 150 brands, including manufacturers of bicycles, drives, components, and accessories; with apparel brands as well as with tourism regions, institutions, associations, and other exhibitors working in the area of e-bikes and e-mobility, will be exhibiting in 2022.<\/p>\n<\/div><\/section><\/p><\/div>\n<style type=\"text\/css\" data-created_by=\"avia_inline_auto\" id=\"style-css-av-1mmej1-88ec68295e0d80779900d132ecc214d3\">\n.flex_column.av-1mmej1-88ec68295e0d80779900d132ecc214d3{\nborder-radius:0px 0px 0px 0px;\n-webkit-border-radius:0px 0px 0px 0px;\n-moz-border-radius:0px 0px 0px 0px;\n}\n<\/style>\n<div class='flex_column av-1mmej1-88ec68295e0d80779900d132ecc214d3 av_one_half  avia-builder-el-8  el_after_av_one_half  avia-builder-el-last  flex_column_div av-zero-column-padding '   ><p><div  class='avia-icon-list-container av-1ez7w5-6590c79a7007a1cc67878cebe917e0d8  avia-builder-el-9  el_before_av_iconlist  avia-builder-el-first '><ul class='avia-icon-list avia_animate_when_almost_visible avia-icon-list-left av-iconlist-big av-1ez7w5-6590c79a7007a1cc67878cebe917e0d8 avia-iconlist-animate'><li><div class='iconlist_icon av-4mcf1-7c6d784f6c638b28cf84ad72b5ff507e avia-font-entypo-fontello'><span class='iconlist-char' aria-hidden='true' data-av_icon='\ue80a' data-av_iconfont='entypo-fontello'><\/span><\/div><article class=\"article-icon-entry \"  itemscope=\"itemscope\" itemtype=\"https:\/\/schema.org\/CreativeWork\" ><div class=\"iconlist_content_wrap\"><header class=\"entry-content-header\"><h4 class='av_iconlist_title iconlist_title  '  itemprop=\"headline\" >Your contact person<\/h4><\/header><div class='iconlist_content '  itemprop=\"text\" ><p>Anika Stephan<\/p>\n<p>PLAN B Sport Marketing GmbH<\/p>\n<\/div><\/div><footer class=\"entry-footer\"><\/footer><\/article><div class=\"iconlist-timeline\"><\/div><\/li><li><div class='iconlist_icon av-o2i5-60c1cf9f021b40d03ecb54f74061a8d9 avia-font-entypo-fontello'><span class='iconlist-char' aria-hidden='true' data-av_icon='\ue854' data-av_iconfont='entypo-fontello'><\/span><\/div><article class=\"article-icon-entry \"  itemscope=\"itemscope\" itemtype=\"https:\/\/schema.org\/CreativeWork\" ><div class=\"iconlist_content_wrap\"><header class=\"entry-content-header\"><h4 class='av_iconlist_title iconlist_title  '  itemprop=\"headline\" >Phone number<\/h4><\/header><div class='iconlist_content '  itemprop=\"text\" ><p class=\"Body\" style=\"text-align: justify; line-height: 120%; margin-top: 2.9pt; -ms-text-justify: inter-ideograph; tab-stops: 72.0pt 144.0pt 216.0pt 288.0pt 360.0pt 432.0pt;\"><span lang=\"DE\" style=\"color: black; line-height: 120%; font-size: 11pt;\">+49 (0) 8104 888 0226<br \/><\/span><\/p>\n<\/div><\/div><footer class=\"entry-footer\"><\/footer><\/article><div class=\"iconlist-timeline\"><\/div><\/li><li><div class='iconlist_icon av-zjqz9-d511236b1a68e0da40761dff9f48114c avia-font-entypo-fontello'><span class='iconlist-char' aria-hidden='true' data-av_icon='\ue805' data-av_iconfont='entypo-fontello'><\/span><\/div><article class=\"article-icon-entry \"  itemscope=\"itemscope\" itemtype=\"https:\/\/schema.org\/CreativeWork\" ><div class=\"iconlist_content_wrap\"><header class=\"entry-content-header\"><h4 class='av_iconlist_title iconlist_title  '  itemprop=\"headline\" >Email<\/h4><\/header><div class='iconlist_content '  itemprop=\"text\" ><p><a href=\"http:\/\/anika.stephan@planb-sportmarketing.com\" target=\"_blank\" rel=\"noopener\">anika.stephan@planb-sportmarketing.com<\/a><\/p>\n<\/div><\/div><footer class=\"entry-footer\"><\/footer><\/article><div class=\"iconlist-timeline\"><\/div><\/li><\/ul><\/div><br \/>\n<div  class='avia-icon-list-container av-1ez7w5-6590c79a7007a1cc67878cebe917e0d8  avia-builder-el-10  el_after_av_iconlist  avia-builder-el-last '><ul class='avia-icon-list avia_animate_when_almost_visible avia-icon-list-left av-iconlist-big av-1ez7w5-6590c79a7007a1cc67878cebe917e0d8 avia-iconlist-animate'><li><a href='https:\/\/ebike-festival.org\/wp-content\/uploads\/sites\/7\/2022\/01\/EBF22_Ausstellerunterlagen_2022-01_EN_web.pdf' title='Registration for Exhibitants' target=\"_blank\" rel=\"noopener noreferrer\" class='iconlist_icon av-94jx9-aee3fd357d272c14b74467c8fda0eaea avia-font-entypo-fontello'><span class='iconlist-char' aria-hidden='true' data-av_icon='\ue823' data-av_iconfont='entypo-fontello'><\/span><\/a><article class=\"article-icon-entry av-iconlist-empty\"  itemscope=\"itemscope\" itemtype=\"https:\/\/schema.org\/CreativeWork\" ><div class=\"iconlist_content_wrap\"><header class=\"entry-content-header\"><h4 class='av_iconlist_title iconlist_title  '  itemprop=\"headline\" ><a href='https:\/\/ebike-festival.org\/wp-content\/uploads\/sites\/7\/2022\/01\/EBF22_Ausstellerunterlagen_2022-01_EN_web.pdf' title='Registration for Exhibitants' target=\"_blank\" rel=\"noopener noreferrer\">Registration for Exhibitants<\/a><\/h4><\/header><div class='iconlist_content '  itemprop=\"text\" ><\/div><\/div><footer class=\"entry-footer\"><\/footer><\/article><div class=\"iconlist-timeline\"><\/div><\/li><li><div class='iconlist_icon av-117hx-329ad8964c4218515cae75ac46aad0fe avia-font-entypo-fontello'><span class='iconlist-char' aria-hidden='true' data-av_icon='\ue823' data-av_iconfont='entypo-fontello'><\/span><\/div><article class=\"article-icon-entry av-iconlist-empty\"  itemscope=\"itemscope\" itemtype=\"https:\/\/schema.org\/CreativeWork\" ><div class=\"iconlist_content_wrap\"><header class=\"entry-content-header\"><h4 class='av_iconlist_title iconlist_title  '  itemprop=\"headline\" ><a href='https:\/\/ebike-festival.org\/wp-content\/uploads\/sites\/7\/2021\/04\/Expo_event_conditions_2022.pdf' title='Expo Event Conditions' target=\"_blank\" rel=\"noopener noreferrer\">Expo Event Conditions<\/a><\/h4><\/header><div class='iconlist_content '  itemprop=\"text\" ><\/div><\/div><footer class=\"entry-footer\"><\/footer><\/article><div class=\"iconlist-timeline\"><\/div><\/li><\/ul><\/div><\/p><\/div><\/div><\/div><\/div><!-- close content main div --><\/div><\/div><div id='av_section_3'  class='avia-section av-bvdsl-9172ce292b1e3f0af95fc43741a700a8 main_color avia-section-default avia-no-border-styling  avia-builder-el-11  el_after_av_section  avia-builder-el-last  avia-bg-style-scroll container_wrap fullsize'  ><div class='container av-section-cont-open' ><div class='template-page content  av-content-full alpha units'><div class='post-entry post-entry-type-page post-entry-989'><div class='entry-content-wrapper clearfix'><\/p>\n","protected":false},"excerpt":{"rendered":"","protected":false},"author":1,"featured_media":0,"parent":0,"menu_order":0,"comment_status":"closed","ping_status":"closed","template":"","meta":[],"yoast_head":"<!-- This site is optimized with the Yoast SEO plugin v18.0 - https:\/\/yoast.com\/wordpress\/plugins\/seo\/ -->\n<title>Expo Area - E-Bike Festival Dortmund<\/title>\n<meta name=\"robots\" content=\"index, follow, max-snippet:-1, max-image-preview:large, max-video-preview:-1\" \/>\n<link rel=\"canonical\" href=\"https:\/\/ebike-festival.org\/en\/expo-area\/\" \/>\n<meta property=\"og:locale\" content=\"en_US\" \/>\n<meta property=\"og:type\" content=\"article\" \/>\n<meta property=\"og:title\" content=\"Expo Area - E-Bike Festival Dortmund\" \/>\n<meta property=\"og:url\" content=\"https:\/\/ebike-festival.org\/en\/expo-area\/\" \/>\n<meta property=\"og:site_name\" content=\"E-Bike Festival Dortmund\" \/>\n<meta property=\"article:modified_time\" content=\"2022-02-08T10:21:03+00:00\" \/>\n<meta name=\"twitter:card\" content=\"summary_large_image\" \/>\n<meta name=\"twitter:label1\" content=\"Est. reading time\" \/>\n\t<meta name=\"twitter:data1\" content=\"2 minutes\" \/>\n<script type=\"application\/ld+json\" class=\"yoast-schema-graph\">{\"@context\":\"https:\/\/schema.org\",\"@graph\":[{\"@type\":\"WebSite\",\"@id\":\"https:\/\/ebike-festival.org\/#website\",\"url\":\"https:\/\/ebike-festival.org\/\",\"name\":\"E-Bike Festival Dortmund\",\"description\":\"Das weltweit gr\u00f6\u00dfte Festival rund um das Thema E-Mobilt\u00e4t!\",\"potentialAction\":[{\"@type\":\"SearchAction\",\"target\":{\"@type\":\"EntryPoint\",\"urlTemplate\":\"https:\/\/ebike-festival.org\/?s={search_term_string}\"},\"query-input\":\"required name=search_term_string\"}],\"inLanguage\":\"en-US\"},{\"@type\":\"WebPage\",\"@id\":\"https:\/\/ebike-festival.org\/en\/expo-area\/#webpage\",\"url\":\"https:\/\/ebike-festival.org\/en\/expo-area\/\",\"name\":\"Expo Area - E-Bike Festival Dortmund\",\"isPartOf\":{\"@id\":\"https:\/\/ebike-festival.org\/#website\"},\"datePublished\":\"2015-06-24T21:06:58+00:00\",\"dateModified\":\"2022-02-08T10:21:03+00:00\",\"breadcrumb\":{\"@id\":\"https:\/\/ebike-festival.org\/en\/expo-area\/#breadcrumb\"},\"inLanguage\":\"en-US\",\"potentialAction\":[{\"@type\":\"ReadAction\",\"target\":[\"https:\/\/ebike-festival.org\/en\/expo-area\/\"]}]},{\"@type\":\"BreadcrumbList\",\"@id\":\"https:\/\/ebike-festival.org\/en\/expo-area\/#breadcrumb\",\"itemListElement\":[{\"@type\":\"ListItem\",\"position\":1,\"name\":\"Startseite\",\"item\":\"https:\/\/ebike-festival.org\/en\/\"},{\"@type\":\"ListItem\",\"position\":2,\"name\":\"Expo Area\"}]}]}<\/script>\n<!-- \/ Yoast SEO plugin. -->","yoast_head_json":{"title":"Expo Area - E-Bike Festival Dortmund","robots":{"index":"index","follow":"follow","max-snippet":"max-snippet:-1","max-image-preview":"max-image-preview:large","max-video-preview":"max-video-preview:-1"},"canonical":"https:\/\/ebike-festival.org\/en\/expo-area\/","og_locale":"en_US","og_type":"article","og_title":"Expo Area - E-Bike Festival Dortmund","og_url":"https:\/\/ebike-festival.org\/en\/expo-area\/","og_site_name":"E-Bike Festival Dortmund","article_modified_time":"2022-02-08T10:21:03+00:00","twitter_card":"summary_large_image","twitter_misc":{"Est. reading time":"2 minutes"},"schema":{"@context":"https:\/\/schema.org","@graph":[{"@type":"WebSite","@id":"https:\/\/ebike-festival.org\/#website","url":"https:\/\/ebike-festival.org\/","name":"E-Bike Festival Dortmund","description":"Das weltweit gr\u00f6\u00dfte Festival rund um das Thema E-Mobilt\u00e4t!","potentialAction":[{"@type":"SearchAction","target":{"@type":"EntryPoint","urlTemplate":"https:\/\/ebike-festival.org\/?s={search_term_string}"},"query-input":"required name=search_term_string"}],"inLanguage":"en-US"},{"@type":"WebPage","@id":"https:\/\/ebike-festival.org\/en\/expo-area\/#webpage","url":"https:\/\/ebike-festival.org\/en\/expo-area\/","name":"Expo Area - E-Bike Festival Dortmund","isPartOf":{"@id":"https:\/\/ebike-festival.org\/#website"},"datePublished":"2015-06-24T21:06:58+00:00","dateModified":"2022-02-08T10:21:03+00:00","breadcrumb":{"@id":"https:\/\/ebike-festival.org\/en\/expo-area\/#breadcrumb"},"inLanguage":"en-US","potentialAction":[{"@type":"ReadAction","target":["https:\/\/ebike-festival.org\/en\/expo-area\/"]}]},{"@type":"BreadcrumbList","@id":"https:\/\/ebike-festival.org\/en\/expo-area\/#breadcrumb","itemListElement":[{"@type":"ListItem","position":1,"name":"Startseite","item":"https:\/\/ebike-festival.org\/en\/"},{"@type":"ListItem","position":2,"name":"Expo Area"}]}]}},"_links":{"self":[{"href":"https:\/\/ebike-festival.org\/en\/wp-json\/wp\/v2\/pages\/989"}],"collection":[{"href":"https:\/\/ebike-festival.org\/en\/wp-json\/wp\/v2\/pages"}],"about":[{"href":"https:\/\/ebike-festival.org\/en\/wp-json\/wp\/v2\/types\/page"}],"author":[{"embeddable":true,"href":"https:\/\/ebike-festival.org\/en\/wp-json\/wp\/v2\/users\/1"}],"replies":[{"embeddable":true,"href":"https:\/\/ebike-festival.org\/en\/wp-json\/wp\/v2\/comments?post=989"}],"version-history":[{"count":0,"href":"https:\/\/ebike-festival.org\/en\/wp-json\/wp\/v2\/pages\/989\/revisions"}],"wp:attachment":[{"href":"https:\/\/ebike-festival.org\/en\/wp-json\/wp\/v2\/media?parent=989"}],"curies":[{"name":"wp","href":"https:\/\/api.w.org\/{rel}","templated":true}]}}