{"id":967,"date":"2015-06-24T23:14:48","date_gmt":"2015-06-24T21:14:48","guid":{"rendered":"http:\/\/ebike-festival.org\/en\/dortmund\/"},"modified":"2021-04-21T09:33:57","modified_gmt":"2021-04-21T07:33:57","slug":"dortmund","status":"publish","type":"page","link":"https:\/\/ebike-festival.org\/en\/dortmund\/","title":{"rendered":"Dortmund"},"content":{"rendered":"\n<style type=\"text\/css\" data-created_by=\"avia_inline_auto\" id=\"style-css-av-3xlv4f-fd48163377bb93cb01f1fefa94fc44e0\">\n.avia-section.av-3xlv4f-fd48163377bb93cb01f1fefa94fc44e0{\nbackground-color:#444444;\n}\n.avia-section.av-3xlv4f-fd48163377bb93cb01f1fefa94fc44e0 .av-section-color-overlay{\nopacity:0.4;\nbackground-color:#000000;\n}\n<\/style>\n<div id='av_section_1'  class='avia-section av-3xlv4f-fd48163377bb93cb01f1fefa94fc44e0 main_color avia-section-default avia-no-border-styling  avia-builder-el-0  el_before_av_section  avia-builder-el-first  avia-bg-style-scroll av-section-color-overlay-active av-minimum-height av-minimum-height-custom  container_wrap fullsize'  ><div class=\"av-section-color-overlay-wrap\"><div class=\"av-section-color-overlay\"><\/div><div class='container av-section-cont-open' style='height:400px'><main  role=\"main\" itemprop=\"mainContentOfPage\"  class='template-page content  av-content-full alpha units'><div class='post-entry post-entry-type-page post-entry-967'><div class='entry-content-wrapper clearfix'>\n\n<style type=\"text\/css\" data-created_by=\"avia_inline_auto\" id=\"style-css-av-3nm4i7-c8686b3e73629f08c4b652068127a71c\">\n#top .av-special-heading.av-3nm4i7-c8686b3e73629f08c4b652068127a71c{\npadding-bottom:10px;\ncolor:#ffffff;\nfont-size:48px;\n}\nbody .av-special-heading.av-3nm4i7-c8686b3e73629f08c4b652068127a71c .av-special-heading-tag .heading-char{\nfont-size:25px;\n}\n#top #wrap_all .av-special-heading.av-3nm4i7-c8686b3e73629f08c4b652068127a71c .av-special-heading-tag{\nfont-size:48px;\n}\n.av-special-heading.av-3nm4i7-c8686b3e73629f08c4b652068127a71c .special-heading-inner-border{\nborder-color:#ffffff;\n}\n.av-special-heading.av-3nm4i7-c8686b3e73629f08c4b652068127a71c .av-subheading{\nfont-size:15px;\n}\n<\/style>\n<div  class='av-special-heading av-3nm4i7-c8686b3e73629f08c4b652068127a71c av-special-heading-h2 custom-color-heading blockquote modern-quote  avia-builder-el-1  avia-builder-el-no-sibling  av-inherit-size'><h2 class='av-special-heading-tag'  itemprop=\"headline\"  >Dortmund<\/h2><div class=\"special-heading-border\"><div class=\"special-heading-inner-border\"><\/div><\/div><\/div>\n\n<\/div><\/div><\/main><!-- close content main element --><\/div><\/div><\/div>\n<style type=\"text\/css\" data-created_by=\"avia_inline_auto\" id=\"style-css-av-3huyxz-782a506a6eb36790ba638bbb7f22e9d6\">\n.avia-section.av-3huyxz-782a506a6eb36790ba638bbb7f22e9d6{\nbackground-color:#ffff00;\n}\n.avia-section.av-3huyxz-782a506a6eb36790ba638bbb7f22e9d6 .av-extra-border-element .av-extra-border-inner{\nbackground-color:#ffff00;\n}\n<\/style>\n<div id='av_section_2'  class='avia-section av-3huyxz-782a506a6eb36790ba638bbb7f22e9d6 main_color avia-section-small avia-no-border-styling  avia-builder-el-2  el_after_av_section  el_before_av_section  avia-bg-style-scroll av-arrow-down-section container_wrap fullsize'  ><div class='container av-section-cont-open' ><div class='template-page content  av-content-full alpha units'><div class='post-entry post-entry-type-page post-entry-967'><div class='entry-content-wrapper clearfix'>\n\n<style type=\"text\/css\" data-created_by=\"avia_inline_auto\" id=\"style-css-av-knpsvxf6-cc32a2529cf7cd75cccdd7b4d36dd13e\">\n#top .av-special-heading.av-knpsvxf6-cc32a2529cf7cd75cccdd7b4d36dd13e{\npadding-bottom:4px;\n}\nbody .av-special-heading.av-knpsvxf6-cc32a2529cf7cd75cccdd7b4d36dd13e .av-special-heading-tag .heading-char{\nfont-size:25px;\n}\n.av-special-heading.av-knpsvxf6-cc32a2529cf7cd75cccdd7b4d36dd13e .av-subheading{\nfont-size:15px;\n}\n<\/style>\n<div  class='av-special-heading av-knpsvxf6-cc32a2529cf7cd75cccdd7b4d36dd13e av-special-heading-h3 blockquote modern-quote  avia-builder-el-3  avia-builder-el-no-sibling  av-linked-heading'><h3 class='av-special-heading-tag'  itemprop=\"headline\"  >Host of the DEW21 E &#8212; BIKE Festival Dortmund 2022 presented by SHIMANO<\/h3><div class=\"special-heading-border\"><div class=\"special-heading-inner-border\"><\/div><\/div><\/div>\n\n<\/div><\/div><\/div><!-- close content main div --><\/div><div class='av-extra-border-element border-extra-arrow-down'><div class='av-extra-border-outer'><div class='av-extra-border-inner'><\/div><\/div><\/div><\/div><div id='av_section_3'  class='avia-section av-3ddsh3-663e1d257640e77b8d37b7fa749ff472 main_color avia-section-default avia-no-border-styling  avia-builder-el-4  el_after_av_section  avia-builder-el-last  avia-bg-style-scroll container_wrap fullsize'  ><div class='container av-section-cont-open' ><div class='template-page content  av-content-full alpha units'><div class='post-entry post-entry-type-page post-entry-967'><div class='entry-content-wrapper clearfix'>\n\n<style type=\"text\/css\" data-created_by=\"avia_inline_auto\" id=\"style-css-av-35xsbr-241066f31f3a521f770f146d7cffe6ab\">\n.flex_column.av-35xsbr-241066f31f3a521f770f146d7cffe6ab{\nborder-radius:0px 0px 0px 0px;\n-webkit-border-radius:0px 0px 0px 0px;\n-moz-border-radius:0px 0px 0px 0px;\n}\n<\/style>\n<div class='flex_column av-35xsbr-241066f31f3a521f770f146d7cffe6ab av_one_third  avia-builder-el-5  el_before_av_two_third  avia-builder-el-first  first flex_column_div av-zero-column-padding '   ><div  class='avia-icon-list-container av-2v8wm7-14be2a0c2799d866b113b16e7ae1bc35  avia-builder-el-6  avia-builder-el-no-sibling '><ul class='avia-icon-list avia_animate_when_almost_visible avia-icon-list-left av-iconlist-big av-2v8wm7-14be2a0c2799d866b113b16e7ae1bc35 avia-iconlist-animate'>\n<li><div class='iconlist_icon av-2sv1kf-e635dd60310bccfb4d3a3df7d9ed0843 avia-font-entypo-fontello'><span class='iconlist-char' aria-hidden='true' data-av_icon='\ue805' data-av_iconfont='entypo-fontello'><\/span><\/div><article class=\"article-icon-entry \"  itemscope=\"itemscope\" itemtype=\"https:\/\/schema.org\/CreativeWork\" ><div class=\"iconlist_content_wrap\"><header class=\"entry-content-header\"><h4 class='av_iconlist_title iconlist_title  '  itemprop=\"headline\" >Contact<\/h4><\/header><div class='iconlist_content '  itemprop=\"text\" ><p>Tourist information<\/p>\n<p><a class=\"linkEmail\" title=\"E-Mail an DORTMUNDtourismus schreiben\" href=\"mailto:info@dortmund-tourismus.de\">info@dortmund-tourismus.de<\/a><\/p>\n<\/div><\/div><footer class=\"entry-footer\"><\/footer><\/article><div class=\"iconlist-timeline\"><\/div><\/li>\n<li><div class='iconlist_icon av-2mb8db-69528d6aacc41d967c1613b861b36677 avia-font-entypo-fontello'><span class='iconlist-char' aria-hidden='true' data-av_icon='\ue81e' data-av_iconfont='entypo-fontello'><\/span><\/div><article class=\"article-icon-entry \"  itemscope=\"itemscope\" itemtype=\"https:\/\/schema.org\/CreativeWork\" ><div class=\"iconlist_content_wrap\"><header class=\"entry-content-header\"><h4 class='av_iconlist_title iconlist_title  '  itemprop=\"headline\" >Information about the city Dortmund<\/h4><\/header><div class='iconlist_content '  itemprop=\"text\" ><p><a href=\"http:\/\/www.dortmund.de\" target=\"_blank\" rel=\"noopener noreferrer\">www.dortmund.de\u00a0<\/a><\/p>\n<\/div><\/div><footer class=\"entry-footer\"><\/footer><\/article><div class=\"iconlist-timeline\"><\/div><\/li>\n<\/ul><\/div><\/div>\n<style type=\"text\/css\" data-created_by=\"avia_inline_auto\" id=\"style-css-av-2eflpz-f759c7bdfa02e9e7920e5ef79369f4ca\">\n.flex_column.av-2eflpz-f759c7bdfa02e9e7920e5ef79369f4ca{\nborder-radius:0px 0px 0px 0px;\n-webkit-border-radius:0px 0px 0px 0px;\n-moz-border-radius:0px 0px 0px 0px;\n}\n<\/style>\n<div class='flex_column av-2eflpz-f759c7bdfa02e9e7920e5ef79369f4ca av_two_third  avia-builder-el-7  el_after_av_one_third  avia-builder-el-last  flex_column_div av-zero-column-padding '   ><p>\n<style type=\"text\/css\" data-created_by=\"avia_inline_auto\" id=\"style-css-av-av_heading-50385a14bce80c0f25a62971704b9955\">\n#top .av-special-heading.av-av_heading-50385a14bce80c0f25a62971704b9955{\npadding-bottom:10px;\n}\nbody .av-special-heading.av-av_heading-50385a14bce80c0f25a62971704b9955 .av-special-heading-tag .heading-char{\nfont-size:25px;\n}\n.av-special-heading.av-av_heading-50385a14bce80c0f25a62971704b9955 .av-subheading{\nfont-size:15px;\n}\n<\/style>\n<div  class='av-special-heading av-av_heading-50385a14bce80c0f25a62971704b9955 av-special-heading-h3  avia-builder-el-8  el_before_av_textblock  avia-builder-el-first '><h3 class='av-special-heading-tag'  itemprop=\"headline\"  >Dortmund \u2013 Hub in the German Ruhr region<\/h3><div class=\"special-heading-border\"><div class=\"special-heading-inner-border\"><\/div><\/div><\/div><br \/>\n<section  class='av_textblock_section av-ju9xskfu-be7a92ab135ab2f2998996b7f9992fde'  itemscope=\"itemscope\" itemtype=\"https:\/\/schema.org\/CreativeWork\" ><div class='avia_textblock'  itemprop=\"text\" ><p>Dortmund is the ideal site for the most important event of the year, the DEW21 E \u2014 BIKE Festival Dortmund 2022 presented by SHIMANO. Dortmund is the hub of the Ruhr region in terms of traffic, culture and sports. And Dortmund is always open to innovative and sustainable ideas. Dortmund and, in particular the Mayor sincerely welcome all the visitors to the DEW21 E \u2014 BIKE Festival Dortmund 2022 presented by SHIMANO and will do all they can to make this a perfectly successful event.<\/p>\n<\/div><\/section><\/p><\/div>\n","protected":false},"excerpt":{"rendered":"","protected":false},"author":1,"featured_media":0,"parent":0,"menu_order":0,"comment_status":"closed","ping_status":"closed","template":"","meta":[],"yoast_head":"<!-- This site is optimized with the Yoast SEO plugin v18.0 - https:\/\/yoast.com\/wordpress\/plugins\/seo\/ -->\n<title>Dortmund - E-Bike Festival Dortmund<\/title>\n<meta name=\"robots\" content=\"index, follow, max-snippet:-1, max-image-preview:large, max-video-preview:-1\" \/>\n<link rel=\"canonical\" href=\"https:\/\/ebike-festival.org\/en\/dortmund\/\" \/>\n<meta property=\"og:locale\" content=\"en_US\" \/>\n<meta property=\"og:type\" content=\"article\" \/>\n<meta property=\"og:title\" content=\"Dortmund - E-Bike Festival Dortmund\" \/>\n<meta property=\"og:url\" content=\"https:\/\/ebike-festival.org\/en\/dortmund\/\" \/>\n<meta property=\"og:site_name\" content=\"E-Bike Festival Dortmund\" \/>\n<meta property=\"article:modified_time\" content=\"2021-04-21T07:33:57+00:00\" \/>\n<meta name=\"twitter:card\" content=\"summary_large_image\" \/>\n<meta name=\"twitter:label1\" content=\"Est. reading time\" \/>\n\t<meta name=\"twitter:data1\" content=\"4 minutes\" \/>\n<script type=\"application\/ld+json\" class=\"yoast-schema-graph\">{\"@context\":\"https:\/\/schema.org\",\"@graph\":[{\"@type\":\"WebSite\",\"@id\":\"https:\/\/ebike-festival.org\/#website\",\"url\":\"https:\/\/ebike-festival.org\/\",\"name\":\"E-Bike Festival Dortmund\",\"description\":\"Das weltweit gr\u00f6\u00dfte Festival rund um das Thema E-Mobilt\u00e4t!\",\"potentialAction\":[{\"@type\":\"SearchAction\",\"target\":{\"@type\":\"EntryPoint\",\"urlTemplate\":\"https:\/\/ebike-festival.org\/?s={search_term_string}\"},\"query-input\":\"required name=search_term_string\"}],\"inLanguage\":\"en-US\"},{\"@type\":\"WebPage\",\"@id\":\"https:\/\/ebike-festival.org\/en\/dortmund\/#webpage\",\"url\":\"https:\/\/ebike-festival.org\/en\/dortmund\/\",\"name\":\"Dortmund - E-Bike Festival Dortmund\",\"isPartOf\":{\"@id\":\"https:\/\/ebike-festival.org\/#website\"},\"datePublished\":\"2015-06-24T21:14:48+00:00\",\"dateModified\":\"2021-04-21T07:33:57+00:00\",\"breadcrumb\":{\"@id\":\"https:\/\/ebike-festival.org\/en\/dortmund\/#breadcrumb\"},\"inLanguage\":\"en-US\",\"potentialAction\":[{\"@type\":\"ReadAction\",\"target\":[\"https:\/\/ebike-festival.org\/en\/dortmund\/\"]}]},{\"@type\":\"BreadcrumbList\",\"@id\":\"https:\/\/ebike-festival.org\/en\/dortmund\/#breadcrumb\",\"itemListElement\":[{\"@type\":\"ListItem\",\"position\":1,\"name\":\"Startseite\",\"item\":\"https:\/\/ebike-festival.org\/en\/\"},{\"@type\":\"ListItem\",\"position\":2,\"name\":\"Dortmund\"}]}]}<\/script>\n<!-- \/ Yoast SEO plugin. -->","yoast_head_json":{"title":"Dortmund - E-Bike Festival Dortmund","robots":{"index":"index","follow":"follow","max-snippet":"max-snippet:-1","max-image-preview":"max-image-preview:large","max-video-preview":"max-video-preview:-1"},"canonical":"https:\/\/ebike-festival.org\/en\/dortmund\/","og_locale":"en_US","og_type":"article","og_title":"Dortmund - E-Bike Festival Dortmund","og_url":"https:\/\/ebike-festival.org\/en\/dortmund\/","og_site_name":"E-Bike Festival Dortmund","article_modified_time":"2021-04-21T07:33:57+00:00","twitter_card":"summary_large_image","twitter_misc":{"Est. reading time":"4 minutes"},"schema":{"@context":"https:\/\/schema.org","@graph":[{"@type":"WebSite","@id":"https:\/\/ebike-festival.org\/#website","url":"https:\/\/ebike-festival.org\/","name":"E-Bike Festival Dortmund","description":"Das weltweit gr\u00f6\u00dfte Festival rund um das Thema E-Mobilt\u00e4t!","potentialAction":[{"@type":"SearchAction","target":{"@type":"EntryPoint","urlTemplate":"https:\/\/ebike-festival.org\/?s={search_term_string}"},"query-input":"required name=search_term_string"}],"inLanguage":"en-US"},{"@type":"WebPage","@id":"https:\/\/ebike-festival.org\/en\/dortmund\/#webpage","url":"https:\/\/ebike-festival.org\/en\/dortmund\/","name":"Dortmund - E-Bike Festival Dortmund","isPartOf":{"@id":"https:\/\/ebike-festival.org\/#website"},"datePublished":"2015-06-24T21:14:48+00:00","dateModified":"2021-04-21T07:33:57+00:00","breadcrumb":{"@id":"https:\/\/ebike-festival.org\/en\/dortmund\/#breadcrumb"},"inLanguage":"en-US","potentialAction":[{"@type":"ReadAction","target":["https:\/\/ebike-festival.org\/en\/dortmund\/"]}]},{"@type":"BreadcrumbList","@id":"https:\/\/ebike-festival.org\/en\/dortmund\/#breadcrumb","itemListElement":[{"@type":"ListItem","position":1,"name":"Startseite","item":"https:\/\/ebike-festival.org\/en\/"},{"@type":"ListItem","position":2,"name":"Dortmund"}]}]}},"_links":{"self":[{"href":"https:\/\/ebike-festival.org\/en\/wp-json\/wp\/v2\/pages\/967"}],"collection":[{"href":"https:\/\/ebike-festival.org\/en\/wp-json\/wp\/v2\/pages"}],"about":[{"href":"https:\/\/ebike-festival.org\/en\/wp-json\/wp\/v2\/types\/page"}],"author":[{"embeddable":true,"href":"https:\/\/ebike-festival.org\/en\/wp-json\/wp\/v2\/users\/1"}],"replies":[{"embeddable":true,"href":"https:\/\/ebike-festival.org\/en\/wp-json\/wp\/v2\/comments?post=967"}],"version-history":[{"count":0,"href":"https:\/\/ebike-festival.org\/en\/wp-json\/wp\/v2\/pages\/967\/revisions"}],"wp:attachment":[{"href":"https:\/\/ebike-festival.org\/en\/wp-json\/wp\/v2\/media?parent=967"}],"curies":[{"name":"wp","href":"https:\/\/api.w.org\/{rel}","templated":true}]}}