{"id":902,"date":"2015-06-29T13:04:22","date_gmt":"2015-06-29T11:04:22","guid":{"rendered":"http:\/\/ebike-festival.org\/en\/festival\/sideevents\/"},"modified":"2022-02-08T16:59:37","modified_gmt":"2022-02-08T15:59:37","slug":"side-events","status":"publish","type":"page","link":"https:\/\/ebike-festival.org\/en\/festival\/side-events\/","title":{"rendered":"Side Events"},"content":{"rendered":"\n<style type=\"text\/css\" data-created_by=\"avia_inline_auto\" id=\"style-css-av-3gj4o6-df8aa645469baf4285cf7057066a4962\">\n.avia-section.av-3gj4o6-df8aa645469baf4285cf7057066a4962{\nbackground-color:#444444;\nbackground-repeat:no-repeat;\nbackground-image:url(https:\/\/ebike-festival.org\/wp-content\/uploads\/sites\/7\/2019\/04\/www_andifrank_de_1678-1.jpg);\nbackground-position:50% 50%;\nbackground-attachment:scroll;\n}\n.avia-section.av-3gj4o6-df8aa645469baf4285cf7057066a4962 .av-section-color-overlay{\nopacity:0.2;\nbackground-color:#000000;\n}\n<\/style>\n<div id='av_section_1'  class='avia-section av-3gj4o6-df8aa645469baf4285cf7057066a4962 main_color avia-section-default avia-no-border-styling  avia-builder-el-0  el_before_av_section  avia-builder-el-first  ebike-gray avia-full-stretch avia-bg-style-scroll av-section-color-overlay-active av-minimum-height av-minimum-height-custom  container_wrap fullsize'  data-section-bg-repeat='stretch'><div class=\"av-section-color-overlay-wrap\"><div class=\"av-section-color-overlay\"><\/div><div class='container av-section-cont-open' style='height:400px'><main  role=\"main\" itemprop=\"mainContentOfPage\"  class='template-page content  av-content-full alpha units'><div class='post-entry post-entry-type-page post-entry-902'><div class='entry-content-wrapper clearfix'>\n\n<style type=\"text\/css\" data-created_by=\"avia_inline_auto\" id=\"style-css-av-kzeb5cvn-9f6b349e2fe4ceab39640f7ef940dcfd\">\n#top .hr.hr-invisible.av-kzeb5cvn-9f6b349e2fe4ceab39640f7ef940dcfd{\nheight:150px;\n}\n<\/style>\n<div  class='hr av-kzeb5cvn-9f6b349e2fe4ceab39640f7ef940dcfd hr-invisible  avia-builder-el-1  el_before_av_heading  avia-builder-el-first '><span class='hr-inner '><span class=\"hr-inner-style\"><\/span><\/span><\/div>\n\n<style type=\"text\/css\" data-created_by=\"avia_inline_auto\" id=\"style-css-av-38ngha-2321f8641c77a7a62ec19e03ee67bab1\">\n#top .av-special-heading.av-38ngha-2321f8641c77a7a62ec19e03ee67bab1{\npadding-bottom:10px;\ncolor:#ffffff;\nfont-size:80px;\n}\nbody .av-special-heading.av-38ngha-2321f8641c77a7a62ec19e03ee67bab1 .av-special-heading-tag .heading-char{\nfont-size:25px;\n}\n#top #wrap_all .av-special-heading.av-38ngha-2321f8641c77a7a62ec19e03ee67bab1 .av-special-heading-tag{\nfont-size:80px;\n}\n.av-special-heading.av-38ngha-2321f8641c77a7a62ec19e03ee67bab1 .special-heading-inner-border{\nborder-color:#ffffff;\n}\n.av-special-heading.av-38ngha-2321f8641c77a7a62ec19e03ee67bab1 .av-subheading{\nfont-size:15px;\n}\n<\/style>\n<div  class='av-special-heading av-38ngha-2321f8641c77a7a62ec19e03ee67bab1 av-special-heading-h1 custom-color-heading blockquote modern-quote  avia-builder-el-2  el_after_av_hr  avia-builder-el-last  av-inherit-size'><h1 class='av-special-heading-tag'  itemprop=\"headline\"  >The Side Events<\/h1><div class=\"special-heading-border\"><div class=\"special-heading-inner-border\"><\/div><\/div><\/div>\n<\/div><\/div><\/main><!-- close content main element --><\/div><\/div><\/div><div id='av_section_2'  class='avia-section av-16gb7q-71442528728dacc13617f29d7bc81dce main_color avia-section-default avia-no-border-styling  avia-builder-el-3  el_after_av_section  el_before_av_section  avia-bg-style-scroll container_wrap fullsize'  ><div class='container av-section-cont-open' ><div class='template-page content  av-content-full alpha units'><div class='post-entry post-entry-type-page post-entry-902'><div class='entry-content-wrapper clearfix'>\n\n<style type=\"text\/css\" data-created_by=\"avia_inline_auto\" id=\"style-css-av-1f2hvq-a9abe89547d1f04bf506dc34d2fc1aa2\">\n#top .av-special-heading.av-1f2hvq-a9abe89547d1f04bf506dc34d2fc1aa2{\npadding-bottom:30px;\n}\nbody .av-special-heading.av-1f2hvq-a9abe89547d1f04bf506dc34d2fc1aa2 .av-special-heading-tag .heading-char{\nfont-size:25px;\n}\n.av-special-heading.av-1f2hvq-a9abe89547d1f04bf506dc34d2fc1aa2 .av-subheading{\nfont-size:15px;\n}\n<\/style>\n<div  class='av-special-heading av-1f2hvq-a9abe89547d1f04bf506dc34d2fc1aa2 av-special-heading-h2 blockquote modern-quote  avia-builder-el-4  el_before_av_three_fourth  avia-builder-el-first '><h2 class='av-special-heading-tag'  itemprop=\"headline\"  >CargoBike Race Dortmund <\/h2><div class=\"special-heading-border\"><div class=\"special-heading-inner-border\"><\/div><\/div><\/div>\n<div class='flex_column av-12pysm-bbcec86665f07b8872dbd2843046e3e3 av_three_fourth  avia-builder-el-5  el_after_av_heading  el_before_av_one_fourth  first flex_column_div '   ><div  class='avia-icon-list-container av-3a6jy-181528e89818619108d232b27965f32f  avia-builder-el-6  avia-builder-el-no-sibling '><ul class='avia-icon-list avia_animate_when_almost_visible avia-icon-list-left av-iconlist-big av-3a6jy-181528e89818619108d232b27965f32f avia-iconlist-animate'><li><div class='iconlist_icon av-gr9im-c9263f9675d96c67a9e22b4428b47c67 avia-font-entypo-fontello'><span class='iconlist-char' aria-hidden='true' data-av_icon='\ue809' data-av_iconfont='entypo-fontello'><\/span><\/div><article class=\"article-icon-entry \"  itemscope=\"itemscope\" itemtype=\"https:\/\/schema.org\/CreativeWork\" ><div class=\"iconlist_content_wrap\"><header class=\"entry-content-header\"><h4 class='av_iconlist_title iconlist_title  '  itemprop=\"headline\" >CargoBike Race Dortmund <\/h4><\/header><div class='iconlist_content '  itemprop=\"text\" ><p>The CargoBikeRace at DEW21 E &#8211; BIKE Festival Dortmund 2022 presented by SHIMANO has been the most popular side event for the past 5 years. We are organizing a unique 4X eliminator with cargo bikes for the fifth time in cooperation with our partner VeloKitchen Dortmund.<\/p>\n<p>However, it will be a bit different this year with its new theme \u201cCoal, steel and beer, we are cargo-biking here\u201d<\/p>\n<p>The course includes various obstacles and has a length of approximately 400 meters. This distance must be completed twice in each heat, the first time without and the second time with a specified load.<\/p>\n<p>The CargoBikeRace also offers a team relay, where team teams of four have to solve tricky transport tasks.<\/p>\n<p>To participate you should use cargo bikes with loading areas. However, you are not allowed to use bikes with hangers and fixed bags, unicycles, recumbent bikes, or hand bikes. The race director \u00a0is allowed to judge the eligibility of the bikes of all participants. Please state whether you will be participating individually or with a team. Please indicate your team name if applicable. You will also have the possibility to rent a cargo bike at <a href=\"mailto:cargobikerace@velokitchen-dortmund.de\">cargobikerace@velokitchen-dortmund.de<\/a><\/p>\n<p style=\"text-align: justify;\"><strong>\u00a0<\/strong><\/p>\n<\/div><\/div><footer class=\"entry-footer\"><\/footer><\/article><div class=\"iconlist-timeline\"><\/div><\/li><\/ul><\/div><\/div>\n<style type=\"text\/css\" data-created_by=\"avia_inline_auto\" id=\"style-css-av-j9s06-710b48679794949b4fff07c5cef35b99\">\n.flex_column.av-j9s06-710b48679794949b4fff07c5cef35b99{\nborder-radius:0px 0px 0px 0px;\n-webkit-border-radius:0px 0px 0px 0px;\n-moz-border-radius:0px 0px 0px 0px;\n}\n<\/style>\n<div class='flex_column av-j9s06-710b48679794949b4fff07c5cef35b99 av_one_fourth  avia-builder-el-7  el_after_av_three_fourth  avia-builder-el-last  flex_column_div av-zero-column-padding '   ><p>\n<style type=\"text\/css\" data-created_by=\"avia_inline_auto\" id=\"style-css-av-jrgab794-d16449ba371725e58451644b076abf51\">\n#top .hr.hr-invisible.av-jrgab794-d16449ba371725e58451644b076abf51{\nheight:50px;\n}\n<\/style>\n<div  class='hr av-jrgab794-d16449ba371725e58451644b076abf51 hr-invisible  avia-builder-el-8  el_before_av_image  avia-builder-el-first '><span class='hr-inner '><span class=\"hr-inner-style\"><\/span><\/span><\/div><br \/>\n\n<style type=\"text\/css\" data-created_by=\"avia_inline_auto\" id=\"style-css-av-frrqm-6bda15ee1c5ea5feda0add1f8cf321cb\">\n.avia-image-container.av-frrqm-6bda15ee1c5ea5feda0add1f8cf321cb .av-image-caption-overlay-center{\ncolor:#ffffff;\n}\n<\/style>\n<div  class='avia-image-container av-frrqm-6bda15ee1c5ea5feda0add1f8cf321cb av-styling- avia_animated_image avia_animate_when_almost_visible pop-up avia-align-left  avia-builder-el-9  el_after_av_hr  avia-builder-el-last '  itemprop=\"image\" itemscope=\"itemscope\" itemtype=\"https:\/\/schema.org\/ImageObject\" ><div class=\"avia-image-container-inner\"><div class=\"avia-image-overlay-wrap\"><a href=\"http:\/\/velokitchen-dortmund.de\/\" class='avia_image' target=\"_blank\" rel=\"noopener noreferrer\"><img class='avia-img-lazy-loading-not- avia_image' src=\"http:\/\/ebike-festival.org\/wp-content\/uploads\/sites\/7\/2018\/01\/VeloKitchen_Logo_vektor-ohne-wei\u00df-300x113.png\" alt='' title=''   itemprop=\"thumbnailUrl\"  \/><\/a><\/div><\/div><\/div><\/p><\/div><\/div><\/div><\/div><!-- close content main div --><\/div><\/div><div id='av_section_3'  class='avia-section av-16gb7q-16a5a82783a843790af5eb54011978ab main_color avia-section-default avia-no-border-styling  avia-builder-el-10  el_after_av_section  el_before_av_section  avia-bg-style-scroll container_wrap fullsize'  ><div class='container av-section-cont-open' ><div class='template-page content  av-content-full alpha units'><div class='post-entry post-entry-type-page post-entry-902'><div class='entry-content-wrapper clearfix'>\n\n<style type=\"text\/css\" data-created_by=\"avia_inline_auto\" id=\"style-css-av-k5phfy92-f02e9d71becdc291a6a43d40aef51c07\">\n#top .av-special-heading.av-k5phfy92-f02e9d71becdc291a6a43d40aef51c07{\npadding-bottom:30px;\n}\nbody .av-special-heading.av-k5phfy92-f02e9d71becdc291a6a43d40aef51c07 .av-special-heading-tag .heading-char{\nfont-size:25px;\n}\n.av-special-heading.av-k5phfy92-f02e9d71becdc291a6a43d40aef51c07 .av-subheading{\nfont-size:15px;\n}\n<\/style>\n<div  class='av-special-heading av-k5phfy92-f02e9d71becdc291a6a43d40aef51c07 av-special-heading-h2 blockquote modern-quote  avia-builder-el-11  el_before_av_three_fourth  avia-builder-el-first  av-linked-heading'><h2 class='av-special-heading-tag'  itemprop=\"headline\"  >Kettenkino \u2013 Move to movies<\/h2><div class=\"special-heading-border\"><div class=\"special-heading-inner-border\"><\/div><\/div><\/div>\n<div class='flex_column av-12pysm-bbcec86665f07b8872dbd2843046e3e3 av_three_fourth  avia-builder-el-12  el_after_av_heading  el_before_av_one_fourth  first flex_column_div '   ><div  class='avia-icon-list-container av-3a6jy-181528e89818619108d232b27965f32f  avia-builder-el-13  avia-builder-el-no-sibling '><ul class='avia-icon-list avia_animate_when_almost_visible avia-icon-list-left av-iconlist-big av-3a6jy-181528e89818619108d232b27965f32f avia-iconlist-animate'><li><div class='iconlist_icon av-8nc9a-bc84344b64a3c7ec13c80892e4452cbd avia-font-entypo-fontello'><span class='iconlist-char' aria-hidden='true' data-av_icon='\ue809' data-av_iconfont='entypo-fontello'><\/span><\/div><article class=\"article-icon-entry \"  itemscope=\"itemscope\" itemtype=\"https:\/\/schema.org\/CreativeWork\" ><div class=\"iconlist_content_wrap\"><header class=\"entry-content-header\"><h4 class='av_iconlist_title iconlist_title  '  itemprop=\"headline\" >Kettenkino - Move to movies<\/h4><\/header><div class='iconlist_content '  itemprop=\"text\" ><p>VeloKitchen Dortmund &amp; DEW21 E &#8211; BIKE Festival Dortmund 2022 presented by Shimano &amp; the International Cycling Film Festival (ICFF) invite you to take part in a bike tour with several stops to watch movies.<\/p>\n<p>The ICFF shows short cycling clips that are linked to the respective location.<\/p>\n<p>You will ride a distance of approximately 10K.<\/p>\n<p>Please bring your own bike, suitable clothing, snacks and drinks if needed, and good vides!<\/p>\n<p>Participation is free and at your own risk.<\/p>\n<p style=\"text-align: justify;\"><strong>\u00a0<\/strong><\/p>\n<\/div><\/div><footer class=\"entry-footer\"><\/footer><\/article><div class=\"iconlist-timeline\"><\/div><\/li><\/ul><\/div><\/div>\n<style type=\"text\/css\" data-created_by=\"avia_inline_auto\" id=\"style-css-av-j9s06-710b48679794949b4fff07c5cef35b99\">\n.flex_column.av-j9s06-710b48679794949b4fff07c5cef35b99{\nborder-radius:0px 0px 0px 0px;\n-webkit-border-radius:0px 0px 0px 0px;\n-moz-border-radius:0px 0px 0px 0px;\n}\n<\/style>\n<div class='flex_column av-j9s06-710b48679794949b4fff07c5cef35b99 av_one_fourth  avia-builder-el-14  el_after_av_three_fourth  avia-builder-el-last  flex_column_div av-zero-column-padding '   ><p>\n<style type=\"text\/css\" data-created_by=\"avia_inline_auto\" id=\"style-css-av-jrgab794-d16449ba371725e58451644b076abf51\">\n#top .hr.hr-invisible.av-jrgab794-d16449ba371725e58451644b076abf51{\nheight:50px;\n}\n<\/style>\n<div  class='hr av-jrgab794-d16449ba371725e58451644b076abf51 hr-invisible  avia-builder-el-15  el_before_av_image  avia-builder-el-first '><span class='hr-inner '><span class=\"hr-inner-style\"><\/span><\/span><\/div><br \/>\n\n<style type=\"text\/css\" data-created_by=\"avia_inline_auto\" id=\"style-css-av-frrqm-6bda15ee1c5ea5feda0add1f8cf321cb\">\n.avia-image-container.av-frrqm-6bda15ee1c5ea5feda0add1f8cf321cb .av-image-caption-overlay-center{\ncolor:#ffffff;\n}\n<\/style>\n<div  class='avia-image-container av-frrqm-6bda15ee1c5ea5feda0add1f8cf321cb av-styling- avia_animated_image avia_animate_when_almost_visible pop-up avia-align-left  avia-builder-el-16  el_after_av_hr  avia-builder-el-last '  itemprop=\"image\" itemscope=\"itemscope\" itemtype=\"https:\/\/schema.org\/ImageObject\" ><div class=\"avia-image-container-inner\"><div class=\"avia-image-overlay-wrap\"><a href=\"http:\/\/velokitchen-dortmund.de\/\" class='avia_image' target=\"_blank\" rel=\"noopener noreferrer\"><img class='avia-img-lazy-loading-not- avia_image' src=\"http:\/\/ebike-festival.org\/wp-content\/uploads\/sites\/7\/2018\/01\/VeloKitchen_Logo_vektor-ohne-wei\u00df-300x113.png\" alt='' title=''   itemprop=\"thumbnailUrl\"  \/><\/a><\/div><\/div><\/div><\/p><\/div><\/div><\/div><\/div><!-- close content main div --><\/div><\/div><div id='av_section_4'  class='avia-section av-16gb7q-16a5a82783a843790af5eb54011978ab main_color avia-section-default avia-no-border-styling  avia-builder-el-17  el_after_av_section  avia-builder-el-last  avia-bg-style-scroll container_wrap fullsize'  ><div class='container av-section-cont-open' ><div class='template-page content  av-content-full alpha units'><div class='post-entry post-entry-type-page post-entry-902'><div class='entry-content-wrapper clearfix'>\n\n<style type=\"text\/css\" data-created_by=\"avia_inline_auto\" id=\"style-css-av-k5phgf8m-1643ee012acbc4b18b2e18152f5d1295\">\n#top .av-special-heading.av-k5phgf8m-1643ee012acbc4b18b2e18152f5d1295{\npadding-bottom:30px;\n}\nbody .av-special-heading.av-k5phgf8m-1643ee012acbc4b18b2e18152f5d1295 .av-special-heading-tag .heading-char{\nfont-size:25px;\n}\n.av-special-heading.av-k5phgf8m-1643ee012acbc4b18b2e18152f5d1295 .av-subheading{\nfont-size:15px;\n}\n<\/style>\n<div  class='av-special-heading av-k5phgf8m-1643ee012acbc4b18b2e18152f5d1295 av-special-heading-h2 blockquote modern-quote  avia-builder-el-18  el_before_av_three_fourth  avia-builder-el-first  av-linked-heading'><h2 class='av-special-heading-tag'  itemprop=\"headline\"  >Dominik Raab &#8211; MTB trial show<\/h2><div class=\"special-heading-border\"><div class=\"special-heading-inner-border\"><\/div><\/div><\/div>\n<div class='flex_column av-12pysm-bbcec86665f07b8872dbd2843046e3e3 av_three_fourth  avia-builder-el-19  el_after_av_heading  el_before_av_one_fourth  first flex_column_div '   ><div  class='avia-icon-list-container av-3a6jy-4e78d84b74fa6f2d32e2bab3f1b0f428  avia-builder-el-20  avia-builder-el-no-sibling '><ul class='avia-icon-list avia_animate_when_almost_visible avia-icon-list-left av-iconlist-big av-3a6jy-4e78d84b74fa6f2d32e2bab3f1b0f428 avia-iconlist-animate'><li><div class='iconlist_icon av-a737a-247fca71cb1c16dae6f56bc8bafcd4a8 avia-font-entypo-fontello'><span class='iconlist-char' aria-hidden='true' data-av_icon='\ue809' data-av_iconfont='entypo-fontello'><\/span><\/div><article class=\"article-icon-entry \"  itemscope=\"itemscope\" itemtype=\"https:\/\/schema.org\/CreativeWork\" ><div class=\"iconlist_content_wrap\"><header class=\"entry-content-header\"><h4 class='av_iconlist_title iconlist_title  '  itemprop=\"headline\" >Dominik Raab - MTB Trial Show<\/h4><\/header><div class='iconlist_content '  itemprop=\"text\" ><p>For over 20 years, Dominik Raab has been one of Austria&#8217;s street trial pioneers on the bike. As one of the world\u2019s best trial bikes, he travels from place to place to perform on internationally stages. On Sunday, the \u201cDominik Raab Mountain Bike Trial Show\u201d and \u201cMerida Bikes\u201d will take place live at the city center of Dortmund. Dominik was born in 1985 in Linz. In his childhood, he discovered the fascination of mountain bike sport. In 2003, when he was only 18 years old he won the Austrian mountain bike trial championships.<\/p>\n<p>In the following years, he focused on freestyle street trial with spectacular photo and video project and made the leap onto the professional stage in 2007. Location: North of Petrikirche\/Katharinenstrasse<\/p>\n<p style=\"text-align: justify;\"><strong>\u00a0<\/strong><\/p>\n<\/div><\/div><footer class=\"entry-footer\"><\/footer><\/article><div class=\"iconlist-timeline\"><\/div><\/li><\/ul><\/div><\/div>\n<style type=\"text\/css\" data-created_by=\"avia_inline_auto\" id=\"style-css-av-j9s06-710b48679794949b4fff07c5cef35b99\">\n.flex_column.av-j9s06-710b48679794949b4fff07c5cef35b99{\nborder-radius:0px 0px 0px 0px;\n-webkit-border-radius:0px 0px 0px 0px;\n-moz-border-radius:0px 0px 0px 0px;\n}\n<\/style>\n<div class='flex_column av-j9s06-710b48679794949b4fff07c5cef35b99 av_one_fourth  avia-builder-el-21  el_after_av_three_fourth  avia-builder-el-last  flex_column_div av-zero-column-padding '   ><p>\n<style type=\"text\/css\" data-created_by=\"avia_inline_auto\" id=\"style-css-av-jrgab794-d16449ba371725e58451644b076abf51\">\n#top .hr.hr-invisible.av-jrgab794-d16449ba371725e58451644b076abf51{\nheight:50px;\n}\n<\/style>\n<div  class='hr av-jrgab794-d16449ba371725e58451644b076abf51 hr-invisible  avia-builder-el-22  el_before_av_image  avia-builder-el-first '><span class='hr-inner '><span class=\"hr-inner-style\"><\/span><\/span><\/div><br \/>\n\n<style type=\"text\/css\" data-created_by=\"avia_inline_auto\" id=\"style-css-av-frrqm-32b5e1832be946abb53157bbd5c065cb\">\n.avia-image-container.av-frrqm-32b5e1832be946abb53157bbd5c065cb .av-image-caption-overlay-center{\ncolor:#ffffff;\n}\n<\/style>\n<div  class='avia-image-container av-frrqm-32b5e1832be946abb53157bbd5c065cb av-styling- avia_animated_image avia_animate_when_almost_visible pop-up avia-align-left  avia-builder-el-23  el_after_av_hr  avia-builder-el-last '  itemprop=\"image\" itemscope=\"itemscope\" itemtype=\"https:\/\/schema.org\/ImageObject\" ><div class=\"avia-image-container-inner\"><div class=\"avia-image-overlay-wrap\"><img class='wp-image-10380 avia-img-lazy-loading-not-10380 avia_image' src=\"https:\/\/ebike-festival.org\/wp-content\/uploads\/sites\/7\/2020\/01\/dominik_raab-mountainbike_trial_shows-amsterdam-central_station-300x200.jpg\" alt='' title='dominik_raab-mountainbike_trial_shows-amsterdam-central_station'  height=\"200\" width=\"300\"  itemprop=\"thumbnailUrl\" srcset=\"https:\/\/ebike-festival.org\/wp-content\/uploads\/sites\/7\/2020\/01\/dominik_raab-mountainbike_trial_shows-amsterdam-central_station-300x200.jpg 300w, https:\/\/ebike-festival.org\/wp-content\/uploads\/sites\/7\/2020\/01\/dominik_raab-mountainbike_trial_shows-amsterdam-central_station-768x512.jpg 768w, https:\/\/ebike-festival.org\/wp-content\/uploads\/sites\/7\/2020\/01\/dominik_raab-mountainbike_trial_shows-amsterdam-central_station-705x470.jpg 705w, https:\/\/ebike-festival.org\/wp-content\/uploads\/sites\/7\/2020\/01\/dominik_raab-mountainbike_trial_shows-amsterdam-central_station-450x300.jpg 450w, https:\/\/ebike-festival.org\/wp-content\/uploads\/sites\/7\/2020\/01\/dominik_raab-mountainbike_trial_shows-amsterdam-central_station.jpg 1000w\" sizes=\"(max-width: 300px) 100vw, 300px\" \/><\/div><\/div><\/div><\/p><\/div><\/p>\n","protected":false},"excerpt":{"rendered":"","protected":false},"author":1,"featured_media":0,"parent":850,"menu_order":0,"comment_status":"closed","ping_status":"closed","template":"","meta":[],"yoast_head":"<!-- This site is optimized with the Yoast SEO plugin v18.0 - https:\/\/yoast.com\/wordpress\/plugins\/seo\/ -->\n<title>Side Events - E-Bike Festival Dortmund<\/title>\n<meta name=\"robots\" content=\"index, follow, max-snippet:-1, max-image-preview:large, max-video-preview:-1\" \/>\n<link rel=\"canonical\" href=\"https:\/\/ebike-festival.org\/en\/festival\/side-events\/\" \/>\n<meta property=\"og:locale\" content=\"en_US\" \/>\n<meta property=\"og:type\" content=\"article\" \/>\n<meta property=\"og:title\" content=\"Side Events - E-Bike Festival Dortmund\" \/>\n<meta property=\"og:url\" content=\"https:\/\/ebike-festival.org\/en\/festival\/side-events\/\" \/>\n<meta property=\"og:site_name\" content=\"E-Bike Festival Dortmund\" \/>\n<meta property=\"article:modified_time\" content=\"2022-02-08T15:59:37+00:00\" \/>\n<meta name=\"twitter:card\" content=\"summary_large_image\" \/>\n<meta name=\"twitter:label1\" content=\"Est. reading time\" \/>\n\t<meta name=\"twitter:data1\" content=\"10 minutes\" \/>\n<script type=\"application\/ld+json\" class=\"yoast-schema-graph\">{\"@context\":\"https:\/\/schema.org\",\"@graph\":[{\"@type\":\"WebSite\",\"@id\":\"https:\/\/ebike-festival.org\/#website\",\"url\":\"https:\/\/ebike-festival.org\/\",\"name\":\"E-Bike Festival Dortmund\",\"description\":\"Das weltweit gr\u00f6\u00dfte Festival rund um das Thema E-Mobilt\u00e4t!\",\"potentialAction\":[{\"@type\":\"SearchAction\",\"target\":{\"@type\":\"EntryPoint\",\"urlTemplate\":\"https:\/\/ebike-festival.org\/?s={search_term_string}\"},\"query-input\":\"required name=search_term_string\"}],\"inLanguage\":\"en-US\"},{\"@type\":\"WebPage\",\"@id\":\"https:\/\/ebike-festival.org\/en\/festival\/side-events\/#webpage\",\"url\":\"https:\/\/ebike-festival.org\/en\/festival\/side-events\/\",\"name\":\"Side Events - E-Bike Festival Dortmund\",\"isPartOf\":{\"@id\":\"https:\/\/ebike-festival.org\/#website\"},\"datePublished\":\"2015-06-29T11:04:22+00:00\",\"dateModified\":\"2022-02-08T15:59:37+00:00\",\"breadcrumb\":{\"@id\":\"https:\/\/ebike-festival.org\/en\/festival\/side-events\/#breadcrumb\"},\"inLanguage\":\"en-US\",\"potentialAction\":[{\"@type\":\"ReadAction\",\"target\":[\"https:\/\/ebike-festival.org\/en\/festival\/side-events\/\"]}]},{\"@type\":\"BreadcrumbList\",\"@id\":\"https:\/\/ebike-festival.org\/en\/festival\/side-events\/#breadcrumb\",\"itemListElement\":[{\"@type\":\"ListItem\",\"position\":1,\"name\":\"Startseite\",\"item\":\"https:\/\/ebike-festival.org\/en\/\"},{\"@type\":\"ListItem\",\"position\":2,\"name\":\"Festival\",\"item\":\"https:\/\/ebike-festival.org\/en\/festival\/\"},{\"@type\":\"ListItem\",\"position\":3,\"name\":\"Side Events\"}]}]}<\/script>\n<!-- \/ Yoast SEO plugin. -->","yoast_head_json":{"title":"Side Events - E-Bike Festival Dortmund","robots":{"index":"index","follow":"follow","max-snippet":"max-snippet:-1","max-image-preview":"max-image-preview:large","max-video-preview":"max-video-preview:-1"},"canonical":"https:\/\/ebike-festival.org\/en\/festival\/side-events\/","og_locale":"en_US","og_type":"article","og_title":"Side Events - E-Bike Festival Dortmund","og_url":"https:\/\/ebike-festival.org\/en\/festival\/side-events\/","og_site_name":"E-Bike Festival Dortmund","article_modified_time":"2022-02-08T15:59:37+00:00","twitter_card":"summary_large_image","twitter_misc":{"Est. reading time":"10 minutes"},"schema":{"@context":"https:\/\/schema.org","@graph":[{"@type":"WebSite","@id":"https:\/\/ebike-festival.org\/#website","url":"https:\/\/ebike-festival.org\/","name":"E-Bike Festival Dortmund","description":"Das weltweit gr\u00f6\u00dfte Festival rund um das Thema E-Mobilt\u00e4t!","potentialAction":[{"@type":"SearchAction","target":{"@type":"EntryPoint","urlTemplate":"https:\/\/ebike-festival.org\/?s={search_term_string}"},"query-input":"required name=search_term_string"}],"inLanguage":"en-US"},{"@type":"WebPage","@id":"https:\/\/ebike-festival.org\/en\/festival\/side-events\/#webpage","url":"https:\/\/ebike-festival.org\/en\/festival\/side-events\/","name":"Side Events - E-Bike Festival Dortmund","isPartOf":{"@id":"https:\/\/ebike-festival.org\/#website"},"datePublished":"2015-06-29T11:04:22+00:00","dateModified":"2022-02-08T15:59:37+00:00","breadcrumb":{"@id":"https:\/\/ebike-festival.org\/en\/festival\/side-events\/#breadcrumb"},"inLanguage":"en-US","potentialAction":[{"@type":"ReadAction","target":["https:\/\/ebike-festival.org\/en\/festival\/side-events\/"]}]},{"@type":"BreadcrumbList","@id":"https:\/\/ebike-festival.org\/en\/festival\/side-events\/#breadcrumb","itemListElement":[{"@type":"ListItem","position":1,"name":"Startseite","item":"https:\/\/ebike-festival.org\/en\/"},{"@type":"ListItem","position":2,"name":"Festival","item":"https:\/\/ebike-festival.org\/en\/festival\/"},{"@type":"ListItem","position":3,"name":"Side Events"}]}]}},"_links":{"self":[{"href":"https:\/\/ebike-festival.org\/en\/wp-json\/wp\/v2\/pages\/902"}],"collection":[{"href":"https:\/\/ebike-festival.org\/en\/wp-json\/wp\/v2\/pages"}],"about":[{"href":"https:\/\/ebike-festival.org\/en\/wp-json\/wp\/v2\/types\/page"}],"author":[{"embeddable":true,"href":"https:\/\/ebike-festival.org\/en\/wp-json\/wp\/v2\/users\/1"}],"replies":[{"embeddable":true,"href":"https:\/\/ebike-festival.org\/en\/wp-json\/wp\/v2\/comments?post=902"}],"version-history":[{"count":0,"href":"https:\/\/ebike-festival.org\/en\/wp-json\/wp\/v2\/pages\/902\/revisions"}],"up":[{"embeddable":true,"href":"https:\/\/ebike-festival.org\/en\/wp-json\/wp\/v2\/pages\/850"}],"wp:attachment":[{"href":"https:\/\/ebike-festival.org\/en\/wp-json\/wp\/v2\/media?parent=902"}],"curies":[{"name":"wp","href":"https:\/\/api.w.org\/{rel}","templated":true}]}}