{"id":828,"date":"2015-06-29T13:03:18","date_gmt":"2015-06-29T11:03:18","guid":{"rendered":"http:\/\/ebike-festival.org\/en\/programm-2\/"},"modified":"2021-04-20T11:21:33","modified_gmt":"2021-04-20T09:21:33","slug":"program","status":"publish","type":"page","link":"https:\/\/ebike-festival.org\/en\/festival\/program\/","title":{"rendered":"Program"},"content":{"rendered":"\n<style type=\"text\/css\" data-created_by=\"avia_inline_auto\" id=\"style-css-av-favld8-ae2d130c9d20be92f3933e5d2f8161cc\">\n.avia-section.av-favld8-ae2d130c9d20be92f3933e5d2f8161cc{\nbackground-color:#444444;\nbackground-repeat:no-repeat;\nbackground-image:url(https:\/\/ebike-festival.org\/wp-content\/uploads\/sites\/7\/2019\/04\/ebike_0881.jpg);\nbackground-position:50% 50%;\nbackground-attachment:scroll;\n}\n.avia-section.av-favld8-ae2d130c9d20be92f3933e5d2f8161cc .av-section-color-overlay{\nopacity:0.4;\nbackground-color:#000000;\n}\n<\/style>\n<div id='av_section_1'  class='avia-section av-favld8-ae2d130c9d20be92f3933e5d2f8161cc main_color avia-section-default avia-no-border-styling  avia-builder-el-0  el_before_av_section  avia-builder-el-first  avia-full-stretch avia-bg-style-scroll av-section-color-overlay-active av-minimum-height av-minimum-height-custom  container_wrap fullsize'  data-section-bg-repeat='stretch'><div class=\"av-section-color-overlay-wrap\"><div class=\"av-section-color-overlay\"><\/div><div class='container av-section-cont-open' style='height:400px'><main  role=\"main\" itemprop=\"mainContentOfPage\"  class='template-page content  av-content-full alpha units'><div class='post-entry post-entry-type-page post-entry-828'><div class='entry-content-wrapper clearfix'>\n\n<style type=\"text\/css\" data-created_by=\"avia_inline_auto\" id=\"style-css-av-f48mqs-8343e148d1ee9c4f57286ad6334b6610\">\n#top .av-special-heading.av-f48mqs-8343e148d1ee9c4f57286ad6334b6610{\npadding-bottom:10px;\ncolor:#ffffff;\nfont-size:48px;\n}\nbody .av-special-heading.av-f48mqs-8343e148d1ee9c4f57286ad6334b6610 .av-special-heading-tag .heading-char{\nfont-size:25px;\n}\n#top #wrap_all .av-special-heading.av-f48mqs-8343e148d1ee9c4f57286ad6334b6610 .av-special-heading-tag{\nfont-size:48px;\n}\n.av-special-heading.av-f48mqs-8343e148d1ee9c4f57286ad6334b6610 .special-heading-inner-border{\nborder-color:#ffffff;\n}\n.av-special-heading.av-f48mqs-8343e148d1ee9c4f57286ad6334b6610 .av-subheading{\nfont-size:15px;\n}\n<\/style>\n<div  class='av-special-heading av-f48mqs-8343e148d1ee9c4f57286ad6334b6610 av-special-heading-h2 custom-color-heading blockquote modern-quote  avia-builder-el-1  avia-builder-el-no-sibling  av-inherit-size'><h2 class='av-special-heading-tag'  itemprop=\"headline\"  >WHAT IS BEING OFFERED AT THE FESTIVAL?<\/h2><div class=\"special-heading-border\"><div class=\"special-heading-inner-border\"><\/div><\/div><\/div>\n\n<\/div><\/div><\/main><!-- close content main element --><\/div><\/div><\/div>\n<style type=\"text\/css\" data-created_by=\"avia_inline_auto\" id=\"style-css-av-1hrgkc-d1c564eee4b5cd98be022d6cfcb271f0\">\n.avia-section.av-1hrgkc-d1c564eee4b5cd98be022d6cfcb271f0{\nbackground-color:#ffff00;\n}\n.avia-section.av-1hrgkc-d1c564eee4b5cd98be022d6cfcb271f0 .av-extra-border-element .av-extra-border-inner{\nbackground-color:#ffff00;\n}\n<\/style>\n<div id='av_section_2'  class='avia-section av-1hrgkc-d1c564eee4b5cd98be022d6cfcb271f0 main_color avia-section-small avia-no-border-styling  avia-builder-el-2  el_after_av_section  el_before_av_section  avia-bg-style-scroll av-arrow-down-section container_wrap fullsize'  ><div class='container av-section-cont-open' ><div class='template-page content  av-content-full alpha units'><div class='post-entry post-entry-type-page post-entry-828'><div class='entry-content-wrapper clearfix'>\n\n<style type=\"text\/css\" data-created_by=\"avia_inline_auto\" id=\"style-css-av-erhfvo-d27e5aa5c379589be76631d4abc1d099\">\n#top .av-special-heading.av-erhfvo-d27e5aa5c379589be76631d4abc1d099{\npadding-bottom:4px;\n}\nbody .av-special-heading.av-erhfvo-d27e5aa5c379589be76631d4abc1d099 .av-special-heading-tag .heading-char{\nfont-size:25px;\n}\n.av-special-heading.av-erhfvo-d27e5aa5c379589be76631d4abc1d099 .av-subheading{\nfont-size:15px;\n}\n<\/style>\n<div  class='av-special-heading av-erhfvo-d27e5aa5c379589be76631d4abc1d099 av-special-heading-h3 blockquote modern-quote  avia-builder-el-3  avia-builder-el-no-sibling '><h3 class='av-special-heading-tag'  itemprop=\"headline\"  >The festival program<\/h3><div class=\"special-heading-border\"><div class=\"special-heading-inner-border\"><\/div><\/div><\/div>\n\n<\/div><\/div><\/div><!-- close content main div --><\/div><div class='av-extra-border-element border-extra-arrow-down'><div class='av-extra-border-outer'><div class='av-extra-border-inner'><\/div><\/div><\/div><\/div><div id='av_section_3'  class='avia-section av-en7nm4-4a0671e8a6317da7fb12401daebe5552 main_color avia-section-default avia-no-border-styling  avia-builder-el-4  el_after_av_section  avia-builder-el-last  avia-bg-style-scroll container_wrap fullsize'  ><div class='container av-section-cont-open' ><div class='template-page content  av-content-full alpha units'><div class='post-entry post-entry-type-page post-entry-828'><div class='entry-content-wrapper clearfix'>\n<div class='flex_column av-ehqtys-0498239c747b165b8f244d753cc3ed8d av_one_full  avia-builder-el-5  avia-builder-el-no-sibling  first flex_column_div '   ><p>\n<style type=\"text\/css\" data-created_by=\"avia_inline_auto\" id=\"style-css-av-av_heading-17fb79bcc002d110556e9a0df91ab1de\">\n#top .av-special-heading.av-av_heading-17fb79bcc002d110556e9a0df91ab1de{\npadding-bottom:10px;\n}\nbody .av-special-heading.av-av_heading-17fb79bcc002d110556e9a0df91ab1de .av-special-heading-tag .heading-char{\nfont-size:25px;\n}\n.av-special-heading.av-av_heading-17fb79bcc002d110556e9a0df91ab1de .av-subheading{\nfont-size:15px;\n}\n<\/style>\n<div  class='av-special-heading av-av_heading-17fb79bcc002d110556e9a0df91ab1de av-special-heading-h3  avia-builder-el-6  el_before_av_table  avia-builder-el-first '><h3 class='av-special-heading-tag'  itemprop=\"headline\"  >EXPO opening hours<\/h3><div class=\"special-heading-border\"><div class=\"special-heading-inner-border\"><\/div><\/div><\/div><br \/>\n<div class='avia-data-table-wrap av-e6hqms-ec4df3601840592cf5ea6329ab4463a4 avia_responsive_table avia-table-1'><table  class='avia-table avia-data-table avia_pricing_default  avia-builder-el-7  el_after_av_heading  el_before_av_hr '  itemscope=\"itemscope\" itemtype=\"https:\/\/schema.org\/Table\" ><tbody><tr class=''><td class=''>Friday 01\/04\/2022<\/td><td class=''>2pm &#8211; 7pm<\/td><\/tr><tr class=''><td class=''>Saturday 02\/04\/2022<\/td><td class=''>10am &#8211; 7pm<\/td><\/tr><tr class=''><td class=''>Sunday 03\/04\/2022<br \/>\n<\/td><td class=''>10am &#8211; 5pm<\/td><\/tr><\/tbody><\/table><\/div><br \/>\n<div  class='hr av-cg3yn0-87141904f62c09a28f2f6d79ba5cdd05 hr-default  avia-builder-el-8  el_after_av_table  el_before_av_heading '><span class='hr-inner '><span class=\"hr-inner-style\"><\/span><\/span><\/div><br \/>\n\n<style type=\"text\/css\" data-created_by=\"avia_inline_auto\" id=\"style-css-av-av_heading-6c3b4e61aee149f612d880f76aa8a6c9\">\n#top .av-special-heading.av-av_heading-6c3b4e61aee149f612d880f76aa8a6c9{\npadding-bottom:10px;\n}\nbody .av-special-heading.av-av_heading-6c3b4e61aee149f612d880f76aa8a6c9 .av-special-heading-tag .heading-char{\nfont-size:25px;\n}\n.av-special-heading.av-av_heading-6c3b4e61aee149f612d880f76aa8a6c9 .av-subheading{\nfont-size:15px;\n}\n<\/style>\n<div  class='av-special-heading av-av_heading-6c3b4e61aee149f612d880f76aa8a6c9 av-special-heading-h3  avia-builder-el-9  el_after_av_hr  el_before_av_textblock '><h3 class='av-special-heading-tag'  itemprop=\"headline\"  >General program<\/h3><div class=\"special-heading-border\"><div class=\"special-heading-inner-border\"><\/div><\/div><\/div><br \/>\n<section  class='av_textblock_section av-c3fwfg-5d6df0c4a35f145ac58e0a2093fabb2b'  itemscope=\"itemscope\" itemtype=\"https:\/\/schema.org\/CreativeWork\" ><div class='avia_textblock'  itemprop=\"text\" ><p>Participant registration (festival office)<\/p>\n<p>Expo area, testing, workshops<\/p>\n<p>E-bike riding safety courses, E-mtb riding technique courses<\/p>\n<p>SHIMANO Test Area (eMTB &amp; eUrban)<\/p>\n<p>Competence center for e-mobility<\/p>\n<\/div><\/section><br \/>\n<div  class='hr av-byrh5o-b0bf6d527b84f23fe812d0c236375bfe hr-default  avia-builder-el-11  el_after_av_textblock  el_before_av_heading '><span class='hr-inner '><span class=\"hr-inner-style\"><\/span><\/span><\/div><br \/>\n\n<style type=\"text\/css\" data-created_by=\"avia_inline_auto\" id=\"style-css-av-av_heading-aecc5d21ef5af39362d0824e9d71a3e3\">\n#top .av-special-heading.av-av_heading-aecc5d21ef5af39362d0824e9d71a3e3{\npadding-bottom:10px;\n}\nbody .av-special-heading.av-av_heading-aecc5d21ef5af39362d0824e9d71a3e3 .av-special-heading-tag .heading-char{\nfont-size:25px;\n}\n.av-special-heading.av-av_heading-aecc5d21ef5af39362d0824e9d71a3e3 .av-subheading{\nfont-size:15px;\n}\n<\/style>\n<div  class='av-special-heading av-av_heading-aecc5d21ef5af39362d0824e9d71a3e3 av-special-heading-h3  avia-builder-el-12  el_after_av_hr  el_before_av_icon_box  av-linked-heading'><h3 class='av-special-heading-tag'  itemprop=\"headline\"  >Highlights<\/h3><div class=\"special-heading-border\"><div class=\"special-heading-inner-border\"><\/div><\/div><\/div><br \/>\n<article  class='iconbox iconbox_left av-k2kfjgvj-5262519da131b6c28c9c9d9bc7f037cc  avia-builder-el-13  el_after_av_heading  el_before_av_table '  itemscope=\"itemscope\" itemtype=\"https:\/\/schema.org\/CreativeWork\" ><div class=\"iconbox_content\"><header class=\"entry-content-header\"><div class=\"iconbox_icon heading-color\" aria-hidden='true' data-av_icon='\ue862' data-av_iconfont='entypo-fontello'><\/div><h3 class='iconbox_content_title '  itemprop=\"headline\" >Friday, April 01, 2022<\/h3><\/header><div class='iconbox_content_container '  itemprop=\"text\" ><\/div><\/div><footer class=\"entry-footer\"><\/footer><\/article><br \/>\n<div class='avia-data-table-wrap av-e6hqms-ec4df3601840592cf5ea6329ab4463a4 avia_responsive_table avia-table-2'><table  class='avia-table avia-data-table avia_pricing_default  avia-builder-el-14  el_after_av_icon_box  el_before_av_icon_box '  itemscope=\"itemscope\" itemtype=\"https:\/\/schema.org\/Table\" ><tbody><tr class=''><td class=''>2pm<\/td><td class=''>Official Festival Opening \/ DEW21 Festival stage<\/td><\/tr><tr class=''><td class=''>2.30pm &#8211; 4.00pm<\/td><td class=''>E-bike trial course for beginners with the team of E-Bike Fahrsicherheit \/ SHIMANO Test Area<\/td><\/tr><tr class=''><td class=''>2.30pm &#8211; 4.00pm<\/td><td class=''>E-MTB trial course for beginners with the team of HappyTrails \/ SHIMANO Test Area<\/td><\/tr><tr class=''><td class=''>4pm &#8211; 5.30pm<\/td><td class=''>DEW21 MTB Tour to Deusenberg (Advanced Course)<\/td><\/tr><tr class=''><td class=''>4pm &#8211; 5.30pm<\/td><td class=''>DEW21 Industrial &amp; Cultural Tour (Advanced Course)<\/td><\/tr><tr class=''><td class=''>4pm &#8211; 5.30pm<\/td><td class=''>E-bike course for advanced riders with the team of E-Bike Fahrsicherheit \/ SHIMANO Test Area<\/td><\/tr><tr class=''><td class=''>4pm &#8211; 5.30pm<\/td><td class=''>E-MTB  course for advanced riders with the team of HappyTrails \/ SHIMANO Test Area<\/td><\/tr><tr class=''><td class=''>9pm<\/td><td class=''>Festival Party \/ &#8220;Stade&#8221;<\/td><\/tr><\/tbody><\/table><\/div><br \/>\n<article  class='iconbox iconbox_left av-k2kfjgvj-fd3ec11959c8371fdf028b3a9785f90d  avia-builder-el-15  el_after_av_table  el_before_av_table '  itemscope=\"itemscope\" itemtype=\"https:\/\/schema.org\/CreativeWork\" ><div class=\"iconbox_content\"><header class=\"entry-content-header\"><div class=\"iconbox_icon heading-color\" aria-hidden='true' data-av_icon='\ue862' data-av_iconfont='entypo-fontello'><\/div><h3 class='iconbox_content_title '  itemprop=\"headline\" >Saturday, April 02, 2022<\/h3><\/header><div class='iconbox_content_container '  itemprop=\"text\" ><\/div><\/div><footer class=\"entry-footer\"><\/footer><\/article><br \/>\n<div class='avia-data-table-wrap av-e6hqms-ec4df3601840592cf5ea6329ab4463a4 avia_responsive_table avia-table-3'><table  class='avia-table avia-data-table avia_pricing_default  avia-builder-el-16  el_after_av_icon_box  el_before_av_icon_box '  itemscope=\"itemscope\" itemtype=\"https:\/\/schema.org\/Table\" ><tbody><tr class=''><td class=''>10.30am &#8211; 12am<\/td><td class=''>E-bike trial course for beginners with the team of E-Bike Fahrsicherheit \/ SHIMANO Test Area<\/td><\/tr><tr class=''><td class=''>10.30am &#8211; 12am<\/td><td class=''>E-MTB trial course for beginners with the team of HappyTrails \/ SHIMANO Test Area<\/td><\/tr><tr class=''><td class=''>11am -12.30am<\/td><td class=''>DEW21 Architecture Tour (Beginner Course)<\/td><\/tr><tr class=''><td class=''>11am -12.30am<\/td><td class=''>DEW21 MTB Tour to Deusenberg (Beginner Course)<\/td><\/tr><tr class=''><td class=''>1pm &#8211; 2.30pm<\/td><td class=''>E-MTB course for advanced riders with the team of HappyTrails \/ SHIMANO Test Area<\/td><\/tr><tr class=''><td class=''>1pm &#8211; 2.30pm<\/td><td class=''>E-bike course for advanced riders with the team of E-Bike Fahrsicherheit \/ SHIMANO Test Area<\/td><\/tr><tr class=''><td class=''>2pm &#8211; 3.30pm<\/td><td class=''>CargoBikeRace \/ Br\u00fcderweg<\/td><\/tr><tr class=''><td class=''>3.30pm &#8211; 3.45pm<br \/>\n<\/td><td class=''>Award Ceremony CargoBikeRace \/ DEW21 Festival stage<\/td><\/tr><tr class=''><td class=''>3.30pm &#8211; 5pm<\/td><td class=''>E-bike trial course for beginners with the team of E-Bike Fahrsicherheit \/ SHIMANO Test Area<\/td><\/tr><tr class=''><td class=''>3.30pm &#8211; 5pm<\/td><td class=''>E-MTB course for advanced riders with the team of HappyTrails \/ SHIMANO Test Area<\/td><\/tr><tr class=''><td class=''>4pm &#8211; 5.30pm<\/td><td class=''>DEW21 Pleasure Tour (Advanced Course)<\/td><\/tr><tr class=''><td class=''>4pm &#8211; 5.30pm<\/td><td class=''>DEW21 MTB Tour to Deusenberg (Advanced Course)<\/td><\/tr><tr class=''><td class=''>From 7pm<\/td><td class=''>Get together \u201c5 Years E\u2013Bike Festival\u201d at Shimano Truck<\/td><\/tr><tr class=''><td class=''>7.30pm &#8211; 9.30pm<\/td><td class=''>KettenKino Tour<\/td><\/tr><\/tbody><\/table><\/div><br \/>\n<article  class='iconbox iconbox_left av-k2kfjgvj-14539cf72d022fe3744e8b0ec1fb24f1  avia-builder-el-17  el_after_av_table  el_before_av_table '  itemscope=\"itemscope\" itemtype=\"https:\/\/schema.org\/CreativeWork\" ><div class=\"iconbox_content\"><header class=\"entry-content-header\"><div class=\"iconbox_icon heading-color\" aria-hidden='true' data-av_icon='\ue862' data-av_iconfont='entypo-fontello'><\/div><h3 class='iconbox_content_title '  itemprop=\"headline\" >Sunday, April 03, 2022<\/h3><\/header><div class='iconbox_content_container '  itemprop=\"text\" ><\/div><\/div><footer class=\"entry-footer\"><\/footer><\/article><br \/>\n<div class='avia-data-table-wrap av-e6hqms-ec4df3601840592cf5ea6329ab4463a4 avia_responsive_table avia-table-4'><table  class='avia-table avia-data-table avia_pricing_default  avia-builder-el-18  el_after_av_icon_box  avia-builder-el-last '  itemscope=\"itemscope\" itemtype=\"https:\/\/schema.org\/Table\" ><tbody><tr class=''><td class=''>10am &#8211; 5pm<\/td><td class=''>DEW21 Familiy Day \/ DEW21 Festival Stage &amp; Festival Area<\/td><\/tr><tr class=''><td class=''>10am &#8211; 10.15am<\/td><td class=''>Official Opening of the DEW21 Familiy Day \/ DEW21 Festival Stage<\/td><\/tr><tr class=''><td class=''>10.15am &#8211; 10.45am <\/td><td class=''>Circus &#8220;Fritzantino&#8221; \/ DEW21 Festival Stage<\/td><\/tr><tr class=''><td class=''>10.30am &#8211; 12am<\/td><td class=''>E-bike trial course for beginners with the team of E-Bike Fahrsicherheit \/ SHIMANO Test Area<\/td><\/tr><tr class=''><td class=''>10.30am &#8211; 12am<\/td><td class=''>E-MTB trial course for beginners with the team of HappyTrails \/ SHIMANO Test Area<\/td><\/tr><tr class=''><td class=''>11.00am &#8211; 11.30am<\/td><td class=''>MrTom magic show and stilt walking \/ DEW21 Festival Stage<\/td><\/tr><tr class=''><td class=''>11am &#8211; 12.30am<\/td><td class=''>DEW21 MTB Tour to Deusenberg (Beginner Course)<\/td><\/tr><tr class=''><td class=''>11am &#8211; 12.30am<\/td><td class=''>DEW21 Architecture Tour (Beginner Course)<\/td><\/tr><tr class=''><td class=''>1pm &#8211; 2.30pm<\/td><td class=''>E-bike course for advanced riders with the team of E-Bike Fahrsicherheit \/ SHIMANO Test Area<\/td><\/tr><tr class=''><td class=''>1pm &#8211; 2.30pm<\/td><td class=''>E-MTB course for advanced riders with the team of HappyTrails \/ SHIMANO Test Area<\/td><\/tr><tr class=''><td class=''>1pm &#8211; 1.30pm<\/td><td class=''>Dominik Raab \u2013 Mountainbike Trial Show \/ North of Petrikirche\/Katharinenstrasse<\/td><\/tr><tr class=''><td class=''>1pm &#8211; 6pm<\/td><td class=''>Sunday shopping in the city center of Dortmund<\/td><\/tr><tr class=''><td class=''>1.45pm &#8211; 2.15pm<\/td><td class=''>Circus &#8220;Fritzantino&#8221; \/ DEW21 Festival Stage<\/td><\/tr><tr class=''><td class=''>2.30pm &#8211; 3pm<\/td><td class=''>MrTom magic show and stilt walking \/ DEW21 Festival Stage<\/td><\/tr><tr class=''><td class=''>3pm &#8211; 4.30pm<\/td><td class=''>DEW21 MTB Tour to Deusenberg (Advanced Course)<\/td><\/tr><tr class=''><td class=''>3pm &#8211; 4.30pm<\/td><td class=''>DEW21 Industrial &amp; Cultural Tour (Advanced Course) <\/td><\/tr><tr class=''><td class=''>3pm &#8211; 3.30pm<\/td><td class=''>Dominik Raab \u2013 Mountainbike Trial Show \/ North of Petrikirche\/Katharinenstrasse<\/td><\/tr><tr class=''><td class=''>3.30pm -5pm<\/td><td class=''>E-bike trial course for beginners with the team of E-Bike Fahrsicherheit \/ SHIMANO Test Area<\/td><\/tr><tr class=''><td class=''>3.30pm &#8211; 5pm<\/td><td class=''>E-MTB course for advanced riders with the team of HappyTrails \/ SHIMANO Test Area<\/td><\/tr><tr class=''><td class=''>5pm &#8211; 5.30pm<\/td><td class=''>Dominik Raab \u2013 Mountainbike Trial Show \/ North of Petrikirche\/Katharinenstrasse<\/td><\/tr><tr class=''><td class=''>5pm<br \/>\n<\/td><td class=''>Official close of the Festival<\/td><\/tr><\/tbody><\/table><\/div><\/p><\/div>\n","protected":false},"excerpt":{"rendered":"","protected":false},"author":1,"featured_media":0,"parent":850,"menu_order":0,"comment_status":"closed","ping_status":"closed","template":"","meta":[],"yoast_head":"<!-- This site is optimized with the Yoast SEO plugin v18.0 - https:\/\/yoast.com\/wordpress\/plugins\/seo\/ -->\n<title>Program - E-Bike Festival Dortmund<\/title>\n<meta name=\"robots\" content=\"index, follow, max-snippet:-1, max-image-preview:large, max-video-preview:-1\" \/>\n<link rel=\"canonical\" href=\"https:\/\/ebike-festival.org\/en\/festival\/program\/\" \/>\n<meta property=\"og:locale\" content=\"en_US\" \/>\n<meta property=\"og:type\" content=\"article\" \/>\n<meta property=\"og:title\" content=\"Program - E-Bike Festival Dortmund\" \/>\n<meta property=\"og:url\" content=\"https:\/\/ebike-festival.org\/en\/festival\/program\/\" \/>\n<meta property=\"og:site_name\" content=\"E-Bike Festival Dortmund\" \/>\n<meta property=\"article:modified_time\" content=\"2021-04-20T09:21:33+00:00\" \/>\n<meta name=\"twitter:card\" content=\"summary_large_image\" \/>\n<meta name=\"twitter:label1\" content=\"Est. reading time\" \/>\n\t<meta name=\"twitter:data1\" content=\"13 minutes\" \/>\n<script type=\"application\/ld+json\" class=\"yoast-schema-graph\">{\"@context\":\"https:\/\/schema.org\",\"@graph\":[{\"@type\":\"WebSite\",\"@id\":\"https:\/\/ebike-festival.org\/#website\",\"url\":\"https:\/\/ebike-festival.org\/\",\"name\":\"E-Bike Festival Dortmund\",\"description\":\"Das weltweit gr\u00f6\u00dfte Festival rund um das Thema E-Mobilt\u00e4t!\",\"potentialAction\":[{\"@type\":\"SearchAction\",\"target\":{\"@type\":\"EntryPoint\",\"urlTemplate\":\"https:\/\/ebike-festival.org\/?s={search_term_string}\"},\"query-input\":\"required name=search_term_string\"}],\"inLanguage\":\"en-US\"},{\"@type\":\"WebPage\",\"@id\":\"https:\/\/ebike-festival.org\/en\/festival\/program\/#webpage\",\"url\":\"https:\/\/ebike-festival.org\/en\/festival\/program\/\",\"name\":\"Program - E-Bike Festival Dortmund\",\"isPartOf\":{\"@id\":\"https:\/\/ebike-festival.org\/#website\"},\"datePublished\":\"2015-06-29T11:03:18+00:00\",\"dateModified\":\"2021-04-20T09:21:33+00:00\",\"breadcrumb\":{\"@id\":\"https:\/\/ebike-festival.org\/en\/festival\/program\/#breadcrumb\"},\"inLanguage\":\"en-US\",\"potentialAction\":[{\"@type\":\"ReadAction\",\"target\":[\"https:\/\/ebike-festival.org\/en\/festival\/program\/\"]}]},{\"@type\":\"BreadcrumbList\",\"@id\":\"https:\/\/ebike-festival.org\/en\/festival\/program\/#breadcrumb\",\"itemListElement\":[{\"@type\":\"ListItem\",\"position\":1,\"name\":\"Startseite\",\"item\":\"https:\/\/ebike-festival.org\/en\/\"},{\"@type\":\"ListItem\",\"position\":2,\"name\":\"Festival\",\"item\":\"https:\/\/ebike-festival.org\/en\/festival\/\"},{\"@type\":\"ListItem\",\"position\":3,\"name\":\"Program\"}]}]}<\/script>\n<!-- \/ Yoast SEO plugin. -->","yoast_head_json":{"title":"Program - E-Bike Festival Dortmund","robots":{"index":"index","follow":"follow","max-snippet":"max-snippet:-1","max-image-preview":"max-image-preview:large","max-video-preview":"max-video-preview:-1"},"canonical":"https:\/\/ebike-festival.org\/en\/festival\/program\/","og_locale":"en_US","og_type":"article","og_title":"Program - E-Bike Festival Dortmund","og_url":"https:\/\/ebike-festival.org\/en\/festival\/program\/","og_site_name":"E-Bike Festival Dortmund","article_modified_time":"2021-04-20T09:21:33+00:00","twitter_card":"summary_large_image","twitter_misc":{"Est. reading time":"13 minutes"},"schema":{"@context":"https:\/\/schema.org","@graph":[{"@type":"WebSite","@id":"https:\/\/ebike-festival.org\/#website","url":"https:\/\/ebike-festival.org\/","name":"E-Bike Festival Dortmund","description":"Das weltweit gr\u00f6\u00dfte Festival rund um das Thema E-Mobilt\u00e4t!","potentialAction":[{"@type":"SearchAction","target":{"@type":"EntryPoint","urlTemplate":"https:\/\/ebike-festival.org\/?s={search_term_string}"},"query-input":"required name=search_term_string"}],"inLanguage":"en-US"},{"@type":"WebPage","@id":"https:\/\/ebike-festival.org\/en\/festival\/program\/#webpage","url":"https:\/\/ebike-festival.org\/en\/festival\/program\/","name":"Program - E-Bike Festival Dortmund","isPartOf":{"@id":"https:\/\/ebike-festival.org\/#website"},"datePublished":"2015-06-29T11:03:18+00:00","dateModified":"2021-04-20T09:21:33+00:00","breadcrumb":{"@id":"https:\/\/ebike-festival.org\/en\/festival\/program\/#breadcrumb"},"inLanguage":"en-US","potentialAction":[{"@type":"ReadAction","target":["https:\/\/ebike-festival.org\/en\/festival\/program\/"]}]},{"@type":"BreadcrumbList","@id":"https:\/\/ebike-festival.org\/en\/festival\/program\/#breadcrumb","itemListElement":[{"@type":"ListItem","position":1,"name":"Startseite","item":"https:\/\/ebike-festival.org\/en\/"},{"@type":"ListItem","position":2,"name":"Festival","item":"https:\/\/ebike-festival.org\/en\/festival\/"},{"@type":"ListItem","position":3,"name":"Program"}]}]}},"_links":{"self":[{"href":"https:\/\/ebike-festival.org\/en\/wp-json\/wp\/v2\/pages\/828"}],"collection":[{"href":"https:\/\/ebike-festival.org\/en\/wp-json\/wp\/v2\/pages"}],"about":[{"href":"https:\/\/ebike-festival.org\/en\/wp-json\/wp\/v2\/types\/page"}],"author":[{"embeddable":true,"href":"https:\/\/ebike-festival.org\/en\/wp-json\/wp\/v2\/users\/1"}],"replies":[{"embeddable":true,"href":"https:\/\/ebike-festival.org\/en\/wp-json\/wp\/v2\/comments?post=828"}],"version-history":[{"count":0,"href":"https:\/\/ebike-festival.org\/en\/wp-json\/wp\/v2\/pages\/828\/revisions"}],"up":[{"embeddable":true,"href":"https:\/\/ebike-festival.org\/en\/wp-json\/wp\/v2\/pages\/850"}],"wp:attachment":[{"href":"https:\/\/ebike-festival.org\/en\/wp-json\/wp\/v2\/media?parent=828"}],"curies":[{"name":"wp","href":"https:\/\/api.w.org\/{rel}","templated":true}]}}