{"id":786,"date":"2015-06-24T23:12:41","date_gmt":"2015-06-24T21:12:41","guid":{"rendered":"http:\/\/ebike-festival.org\/themenwelten\/?lang=en"},"modified":"2022-02-08T11:16:25","modified_gmt":"2022-02-08T10:16:25","slug":"thematic-areas","status":"publish","type":"page","link":"https:\/\/ebike-festival.org\/en\/thematic-areas\/","title":{"rendered":"Thematic Areas"},"content":{"rendered":"\n<style type=\"text\/css\" data-created_by=\"avia_inline_auto\" id=\"style-css-av-ju9hj72j-8cba56826c94d0e2a32db83b5a4c14ab\">\n.avia-section.av-ju9hj72j-8cba56826c94d0e2a32db83b5a4c14ab{\nbackground-color:#444444;\nbackground-repeat:no-repeat;\nbackground-image:url(https:\/\/ebike-festival.org\/wp-content\/uploads\/sites\/7\/2019\/04\/www_andifrank_de_3408-1.jpg);\nbackground-position:50% 50%;\nbackground-attachment:scroll;\n}\n.avia-section.av-ju9hj72j-8cba56826c94d0e2a32db83b5a4c14ab .av-section-color-overlay{\nopacity:0.4;\nbackground-color:#000000;\n}\n<\/style>\n<div id='av_section_1'  class='avia-section av-ju9hj72j-8cba56826c94d0e2a32db83b5a4c14ab main_color avia-section-default avia-no-border-styling  avia-builder-el-0  el_before_av_section  avia-builder-el-first  ebike-gray avia-full-stretch avia-bg-style-scroll av-section-color-overlay-active av-minimum-height av-minimum-height-custom  container_wrap fullsize'  data-section-bg-repeat='stretch'><div class=\"av-section-color-overlay-wrap\"><div class=\"av-section-color-overlay\"><\/div><div class='container av-section-cont-open' style='height:400px'><main  role=\"main\" itemprop=\"mainContentOfPage\"  class='template-page content  av-content-full alpha units'><div class='post-entry post-entry-type-page post-entry-786'><div class='entry-content-wrapper clearfix'>\n\n<style type=\"text\/css\" data-created_by=\"avia_inline_auto\" id=\"style-css-av-2abmf6-607549f420d9962c013a9065aa9c1d8d\">\n#top .av-special-heading.av-2abmf6-607549f420d9962c013a9065aa9c1d8d{\npadding-bottom:10px;\ncolor:#ffffff;\nfont-size:80px;\n}\nbody .av-special-heading.av-2abmf6-607549f420d9962c013a9065aa9c1d8d .av-special-heading-tag .heading-char{\nfont-size:25px;\n}\n#top #wrap_all .av-special-heading.av-2abmf6-607549f420d9962c013a9065aa9c1d8d .av-special-heading-tag{\nfont-size:80px;\n}\n.av-special-heading.av-2abmf6-607549f420d9962c013a9065aa9c1d8d .special-heading-inner-border{\nborder-color:#ffffff;\n}\n.av-special-heading.av-2abmf6-607549f420d9962c013a9065aa9c1d8d .av-subheading{\nfont-size:15px;\n}\n<\/style>\n<div  class='av-special-heading av-2abmf6-607549f420d9962c013a9065aa9c1d8d av-special-heading-h1 custom-color-heading blockquote modern-quote  avia-builder-el-1  avia-builder-el-no-sibling  av-inherit-size'><h1 class='av-special-heading-tag'  itemprop=\"headline\"  >THEMATIC AREAS<\/h1><div class=\"special-heading-border\"><div class=\"special-heading-inner-border\"><\/div><\/div><\/div>\n\n<\/div><\/div><\/main><!-- close content main element --><\/div><\/div><\/div><div id='av_section_2'  class='avia-section av-1pzovu-49e25df2ec99334e01a3c336cc38e0d0 main_color avia-section-default avia-no-border-styling  avia-builder-el-2  el_after_av_section  avia-builder-el-last  avia-bg-style-scroll container_wrap fullsize'  ><div class='container av-section-cont-open' ><div class='template-page content  av-content-full alpha units'><div class='post-entry post-entry-type-page post-entry-786'><div class='entry-content-wrapper clearfix'>\n\n<style type=\"text\/css\" data-created_by=\"avia_inline_auto\" id=\"style-css-av-1ynjqi-b6cbeb0630d65582a6a2bbb387ff3170\">\n#top .av-special-heading.av-1ynjqi-b6cbeb0630d65582a6a2bbb387ff3170{\npadding-bottom:40px;\n}\nbody .av-special-heading.av-1ynjqi-b6cbeb0630d65582a6a2bbb387ff3170 .av-special-heading-tag .heading-char{\nfont-size:25px;\n}\n.av-special-heading.av-1ynjqi-b6cbeb0630d65582a6a2bbb387ff3170 .av-subheading{\nfont-size:15px;\n}\n<\/style>\n<div  class='av-special-heading av-1ynjqi-b6cbeb0630d65582a6a2bbb387ff3170 av-special-heading-h2 blockquote modern-quote  avia-builder-el-3  el_before_av_one_half  avia-builder-el-first '><h2 class='av-special-heading-tag'  itemprop=\"headline\"  >All information to the various thematic areas of the e-Bike <\/h2><div class=\"special-heading-border\"><div class=\"special-heading-inner-border\"><\/div><\/div><\/div>\n<div class='flex_column av-1klrei-cb043c32d916138285091d9cecd7cfa9 av_one_half  avia-builder-el-4  el_after_av_heading  el_before_av_one_half  first flex_column_div '   ><div  class='avia-icon-list-container av-52qje-d8f0d9d82b9ea7896b4d19946e1b0332  avia-builder-el-5  avia-builder-el-no-sibling '><ul class='avia-icon-list avia_animate_when_almost_visible avia-icon-list-left av-iconlist-big av-52qje-d8f0d9d82b9ea7896b4d19946e1b0332 avia-iconlist-animate'>\n<li><div class='iconlist_icon av-18phyq-fc2967de255ea49b18a4de0e7005c7f7 avia-font-entypo-fontello'><span class='iconlist-char' aria-hidden='true' data-av_icon='\ue8b4' data-av_iconfont='entypo-fontello'><\/span><\/div><article class=\"article-icon-entry \"  itemscope=\"itemscope\" itemtype=\"https:\/\/schema.org\/CreativeWork\" ><div class=\"iconlist_content_wrap\"><header class=\"entry-content-header\"><h4 class='av_iconlist_title iconlist_title  '  itemprop=\"headline\" >Urban Mobility<\/h4><\/header><div class='iconlist_content '  itemprop=\"text\" ><ul>\n<li>e-bike as an alternative form of urban transport, on the way to work or in leisure time<\/li>\n<li>e-bike as a means of transport to get to work without stress and sweat<\/li>\n<li>e-bike as the main means of transport used in the city center \u2013 opportunities and dangers<\/li>\n<li>e-bike as the new version of the city bike<\/li>\n<li>e-bike as an lifestyle object<\/li>\n<li>e-bike as an alternative cargo bike<\/li>\n<li>e-bike regarded as exotic: electronic recumbent bike, electronic tricycle<\/li>\n<li>e-bike as health bike (preventive and rehabilitative)<\/li>\n<li>e-bike sharing, e-bike leasing, e-bike as company bicycle<\/li>\n<\/ul>\n<\/div><\/div><footer class=\"entry-footer\"><\/footer><\/article><div class=\"iconlist-timeline\"><\/div><\/li>\n<li><div class='iconlist_icon av-10wf4y-9b487bdf253482f9804f5f662f9e931e avia-font-entypo-fontello'><span class='iconlist-char' aria-hidden='true' data-av_icon='\ue8b4' data-av_iconfont='entypo-fontello'><\/span><\/div><article class=\"article-icon-entry \"  itemscope=\"itemscope\" itemtype=\"https:\/\/schema.org\/CreativeWork\" ><div class=\"iconlist_content_wrap\"><header class=\"entry-content-header\"><h4 class='av_iconlist_title iconlist_title  '  itemprop=\"headline\" >e-mountain bikes &amp; e-racing bikes<\/h4><\/header><div class='iconlist_content '  itemprop=\"text\" ><ul>\n<li>e-bike as electrically supported mountain bike<\/li>\n<li>e-bike as a second bike for ambitious athletic bikers<\/li>\n<li>e-mountain bike as workout device<\/li>\n<li>e-mountain bike as hired bike at the testing station<\/li>\n<li>e-mountain bike as an alternative to the traditional mountain bike<\/li>\n<li>e-mountain bike as a technical flagship product of well-known mountain bike manufacturers<\/li>\n<li>e-mountain bike for \u201ebest ager&#8221;<\/li>\n<\/ul>\n<\/div><\/div><footer class=\"entry-footer\"><\/footer><\/article><div class=\"iconlist-timeline\"><\/div><\/li>\n<li><div class='iconlist_icon av-3dwq2-92b0fbe4b4ffab7466415c6d2087457f avia-font-entypo-fontello'><span class='iconlist-char' aria-hidden='true' data-av_icon='\ue8b4' data-av_iconfont='entypo-fontello'><\/span><\/div><article class=\"article-icon-entry \"  itemscope=\"itemscope\" itemtype=\"https:\/\/schema.org\/CreativeWork\" ><div class=\"iconlist_content_wrap\"><header class=\"entry-content-header\"><h4 class='av_iconlist_title iconlist_title  '  itemprop=\"headline\" >Components \/ equipment \/ clothing<\/h4><\/header><div class='iconlist_content '  itemprop=\"text\" ><ul>\n<li>drive manufacturers<\/li>\n<li>bike components<\/li>\n<li>bike accessories<\/li>\n<li>safety: helmets, protectors, locks<\/li>\n<li>accessories: glasses, bags, backpacks<\/li>\n<li>clothing: weather protection, shoes<\/li>\n<li>bike trailer, bicycle rack<\/li>\n<li>energy partners<\/li>\n<\/ul>\n<\/div><\/div><footer class=\"entry-footer\"><\/footer><\/article><div class=\"iconlist-timeline\"><\/div><\/li>\n<li><div class='iconlist_icon av-se5oa-dec94fad482b55b7a3c417241e250262 avia-font-entypo-fontello'><span class='iconlist-char' aria-hidden='true' data-av_icon='\ue8b4' data-av_iconfont='entypo-fontello'><\/span><\/div><article class=\"article-icon-entry \"  itemscope=\"itemscope\" itemtype=\"https:\/\/schema.org\/CreativeWork\" ><div class=\"iconlist_content_wrap\"><header class=\"entry-content-header\"><h4 class='av_iconlist_title iconlist_title  '  itemprop=\"headline\" >Traffic \/ environment \/ tourism \/ others<\/h4><\/header><div class='iconlist_content '  itemprop=\"text\" ><ul>\n<li>(e-bike) tourist regions<\/li>\n<li>cities, municipalities, communities<\/li>\n<li>associations and stakeholders group<\/li>\n<li>political institutions<\/li>\n<li>energy provider \/ automobile manufacturers<\/li>\n<li>urther companies of the sector e-mobility<\/li>\n<li>trade journal concerning the topic e-bike<\/li>\n<\/ul>\n<\/div><\/div><footer class=\"entry-footer\"><\/footer><\/article><div class=\"iconlist-timeline\"><\/div><\/li>\n<\/ul><\/div><\/div>\n<style type=\"text\/css\" data-created_by=\"avia_inline_auto\" id=\"style-css-av-l8rgy-175a0e84a25d063647b9207ed5391012\">\n.flex_column.av-l8rgy-175a0e84a25d063647b9207ed5391012{\nborder-radius:0px 0px 0px 0px;\n-webkit-border-radius:0px 0px 0px 0px;\n-moz-border-radius:0px 0px 0px 0px;\n}\n<\/style>\n<div class='flex_column av-l8rgy-175a0e84a25d063647b9207ed5391012 av_one_half  avia-builder-el-6  el_after_av_one_half  avia-builder-el-last  flex_column_div av-zero-column-padding '   ><p>\n<style type=\"text\/css\" data-created_by=\"avia_inline_auto\" id=\"style-css-av-ujde-eea186f8bc75d953499f55d9055e4f65\">\n#top .av-special-heading.av-ujde-eea186f8bc75d953499f55d9055e4f65{\npadding-bottom:10px;\n}\nbody .av-special-heading.av-ujde-eea186f8bc75d953499f55d9055e4f65 .av-special-heading-tag .heading-char{\nfont-size:25px;\n}\n.av-special-heading.av-ujde-eea186f8bc75d953499f55d9055e4f65 .av-subheading{\nfont-size:15px;\n}\n<\/style>\n<div  class='av-special-heading av-ujde-eea186f8bc75d953499f55d9055e4f65 av-special-heading-h3  avia-builder-el-7  el_before_av_textblock  avia-builder-el-first '><h3 class='av-special-heading-tag'  itemprop=\"headline\"  > Meet the world of e-bikes<\/h3><div class=\"special-heading-border\"><div class=\"special-heading-inner-border\"><\/div><\/div><\/div><br \/>\n<section  class='av_textblock_section av-83wbm-58d6a5ec82cfd85dda1d7626dc3fcddc'  itemscope=\"itemscope\" itemtype=\"https:\/\/schema.org\/CreativeWork\" ><div class='avia_textblock'  itemprop=\"text\" ><p style=\"text-align: justify;\"><strong>Urban Mobility<\/strong> as most likely the largest theme world at the DEW21 E \u2014 BIKE Festival Dortmund 2022 presented by SHIMANO. It includes the Transport Bicycle and Health worlds.<\/p>\n<p style=\"text-align: justify;\">In the world of <strong>E-Mountain Bikes &amp; E-Road Bikes<\/strong>, manufacturers from the mountain bike and road bike industries will present their products. These are sportive electric bicycles that are partly used off-road as well.<\/p>\n<p style=\"text-align: justify;\">Of course, as a new e-bike event, the DEW21 E \u2014 BIKE Festival Dortmund 2022 presented by SHIMANO will also include the<strong> cycling accessories and clothing industries.<\/strong><\/p>\n<p style=\"text-align: justify;\">The DEW21 E \u2014 BIKE Festival Dortmund 2022 presented by SHIMANO will be more than a trade fair with product highlights: it will offer holistic coverage of all related e-bikes (e-mobility). On a large stage, experts, associations and institutions will present and discuss the topic of e-bikes and the associated risks and opportunities to visitors and exhibitors.<\/p>\n<\/div><\/section><\/p><\/div>\n","protected":false},"excerpt":{"rendered":"","protected":false},"author":1,"featured_media":0,"parent":0,"menu_order":0,"comment_status":"closed","ping_status":"closed","template":"","meta":[],"yoast_head":"<!-- This site is optimized with the Yoast SEO plugin v18.0 - https:\/\/yoast.com\/wordpress\/plugins\/seo\/ -->\n<title>Thematic Areas - E-Bike Festival Dortmund<\/title>\n<meta name=\"robots\" content=\"index, follow, max-snippet:-1, max-image-preview:large, max-video-preview:-1\" \/>\n<link rel=\"canonical\" href=\"https:\/\/ebike-festival.org\/en\/thematic-areas\/\" \/>\n<meta property=\"og:locale\" content=\"en_US\" \/>\n<meta property=\"og:type\" content=\"article\" \/>\n<meta property=\"og:title\" content=\"Thematic Areas - E-Bike Festival Dortmund\" \/>\n<meta property=\"og:url\" content=\"https:\/\/ebike-festival.org\/en\/thematic-areas\/\" \/>\n<meta property=\"og:site_name\" content=\"E-Bike Festival Dortmund\" \/>\n<meta property=\"article:modified_time\" content=\"2022-02-08T10:16:25+00:00\" \/>\n<meta name=\"twitter:card\" content=\"summary_large_image\" \/>\n<meta name=\"twitter:label1\" content=\"Est. reading time\" \/>\n\t<meta name=\"twitter:data1\" content=\"6 minutes\" \/>\n<script type=\"application\/ld+json\" class=\"yoast-schema-graph\">{\"@context\":\"https:\/\/schema.org\",\"@graph\":[{\"@type\":\"WebSite\",\"@id\":\"https:\/\/ebike-festival.org\/#website\",\"url\":\"https:\/\/ebike-festival.org\/\",\"name\":\"E-Bike Festival Dortmund\",\"description\":\"Das weltweit gr\u00f6\u00dfte Festival rund um das Thema E-Mobilt\u00e4t!\",\"potentialAction\":[{\"@type\":\"SearchAction\",\"target\":{\"@type\":\"EntryPoint\",\"urlTemplate\":\"https:\/\/ebike-festival.org\/?s={search_term_string}\"},\"query-input\":\"required name=search_term_string\"}],\"inLanguage\":\"en-US\"},{\"@type\":\"WebPage\",\"@id\":\"https:\/\/ebike-festival.org\/en\/thematic-areas\/#webpage\",\"url\":\"https:\/\/ebike-festival.org\/en\/thematic-areas\/\",\"name\":\"Thematic Areas - E-Bike Festival Dortmund\",\"isPartOf\":{\"@id\":\"https:\/\/ebike-festival.org\/#website\"},\"datePublished\":\"2015-06-24T21:12:41+00:00\",\"dateModified\":\"2022-02-08T10:16:25+00:00\",\"breadcrumb\":{\"@id\":\"https:\/\/ebike-festival.org\/en\/thematic-areas\/#breadcrumb\"},\"inLanguage\":\"en-US\",\"potentialAction\":[{\"@type\":\"ReadAction\",\"target\":[\"https:\/\/ebike-festival.org\/en\/thematic-areas\/\"]}]},{\"@type\":\"BreadcrumbList\",\"@id\":\"https:\/\/ebike-festival.org\/en\/thematic-areas\/#breadcrumb\",\"itemListElement\":[{\"@type\":\"ListItem\",\"position\":1,\"name\":\"Startseite\",\"item\":\"https:\/\/ebike-festival.org\/en\/\"},{\"@type\":\"ListItem\",\"position\":2,\"name\":\"Thematic Areas\"}]}]}<\/script>\n<!-- \/ Yoast SEO plugin. -->","yoast_head_json":{"title":"Thematic Areas - E-Bike Festival Dortmund","robots":{"index":"index","follow":"follow","max-snippet":"max-snippet:-1","max-image-preview":"max-image-preview:large","max-video-preview":"max-video-preview:-1"},"canonical":"https:\/\/ebike-festival.org\/en\/thematic-areas\/","og_locale":"en_US","og_type":"article","og_title":"Thematic Areas - E-Bike Festival Dortmund","og_url":"https:\/\/ebike-festival.org\/en\/thematic-areas\/","og_site_name":"E-Bike Festival Dortmund","article_modified_time":"2022-02-08T10:16:25+00:00","twitter_card":"summary_large_image","twitter_misc":{"Est. reading time":"6 minutes"},"schema":{"@context":"https:\/\/schema.org","@graph":[{"@type":"WebSite","@id":"https:\/\/ebike-festival.org\/#website","url":"https:\/\/ebike-festival.org\/","name":"E-Bike Festival Dortmund","description":"Das weltweit gr\u00f6\u00dfte Festival rund um das Thema E-Mobilt\u00e4t!","potentialAction":[{"@type":"SearchAction","target":{"@type":"EntryPoint","urlTemplate":"https:\/\/ebike-festival.org\/?s={search_term_string}"},"query-input":"required name=search_term_string"}],"inLanguage":"en-US"},{"@type":"WebPage","@id":"https:\/\/ebike-festival.org\/en\/thematic-areas\/#webpage","url":"https:\/\/ebike-festival.org\/en\/thematic-areas\/","name":"Thematic Areas - E-Bike Festival Dortmund","isPartOf":{"@id":"https:\/\/ebike-festival.org\/#website"},"datePublished":"2015-06-24T21:12:41+00:00","dateModified":"2022-02-08T10:16:25+00:00","breadcrumb":{"@id":"https:\/\/ebike-festival.org\/en\/thematic-areas\/#breadcrumb"},"inLanguage":"en-US","potentialAction":[{"@type":"ReadAction","target":["https:\/\/ebike-festival.org\/en\/thematic-areas\/"]}]},{"@type":"BreadcrumbList","@id":"https:\/\/ebike-festival.org\/en\/thematic-areas\/#breadcrumb","itemListElement":[{"@type":"ListItem","position":1,"name":"Startseite","item":"https:\/\/ebike-festival.org\/en\/"},{"@type":"ListItem","position":2,"name":"Thematic Areas"}]}]}},"_links":{"self":[{"href":"https:\/\/ebike-festival.org\/en\/wp-json\/wp\/v2\/pages\/786"}],"collection":[{"href":"https:\/\/ebike-festival.org\/en\/wp-json\/wp\/v2\/pages"}],"about":[{"href":"https:\/\/ebike-festival.org\/en\/wp-json\/wp\/v2\/types\/page"}],"author":[{"embeddable":true,"href":"https:\/\/ebike-festival.org\/en\/wp-json\/wp\/v2\/users\/1"}],"replies":[{"embeddable":true,"href":"https:\/\/ebike-festival.org\/en\/wp-json\/wp\/v2\/comments?post=786"}],"version-history":[{"count":0,"href":"https:\/\/ebike-festival.org\/en\/wp-json\/wp\/v2\/pages\/786\/revisions"}],"wp:attachment":[{"href":"https:\/\/ebike-festival.org\/en\/wp-json\/wp\/v2\/media?parent=786"}],"curies":[{"name":"wp","href":"https:\/\/api.w.org\/{rel}","templated":true}]}}