{"id":2237,"date":"2016-04-15T19:55:44","date_gmt":"2016-04-15T17:55:44","guid":{"rendered":"http:\/\/ebike-festival.org\/en\/festival\/ergebnisse\/"},"modified":"2022-02-08T16:54:21","modified_gmt":"2022-02-08T15:54:21","slug":"results","status":"publish","type":"page","link":"https:\/\/ebike-festival.org\/en\/festival\/results\/","title":{"rendered":"Results"},"content":{"rendered":"\n<style type=\"text\/css\" data-created_by=\"avia_inline_auto\" id=\"style-css-av-ynjyfh-36d9635a18b9cb6f6142a1c73d2c4b5e\">\n.avia-section.av-ynjyfh-36d9635a18b9cb6f6142a1c73d2c4b5e{\nbackground-color:#444444;\nbackground-repeat:no-repeat;\nbackground-image:url(https:\/\/ebike-festival.org\/wp-content\/uploads\/sites\/7\/2019\/04\/www_andifrank_de_2285.jpg);\nbackground-position:50% 50%;\nbackground-attachment:scroll;\n}\n.avia-section.av-ynjyfh-36d9635a18b9cb6f6142a1c73d2c4b5e .av-section-color-overlay{\nopacity:0.2;\nbackground-color:#000000;\n}\n<\/style>\n<div id='av_section_1'  class='avia-section av-ynjyfh-36d9635a18b9cb6f6142a1c73d2c4b5e main_color avia-section-default avia-no-border-styling  avia-builder-el-0  el_before_av_section  avia-builder-el-first  ebike-gray avia-full-stretch avia-bg-style-scroll av-section-color-overlay-active av-minimum-height av-minimum-height-custom  container_wrap fullsize'  data-section-bg-repeat='stretch'><div class=\"av-section-color-overlay-wrap\"><div class=\"av-section-color-overlay\"><\/div><div class='container av-section-cont-open' style='height:400px'><main  role=\"main\" itemprop=\"mainContentOfPage\"  class='template-page content  av-content-full alpha units'><div class='post-entry post-entry-type-page post-entry-2237'><div class='entry-content-wrapper clearfix'>\n\n<style type=\"text\/css\" data-created_by=\"avia_inline_auto\" id=\"style-css-av-kzeavq0r-c2583ba2283b9bc7ebc958b45074e469\">\n#top .hr.hr-invisible.av-kzeavq0r-c2583ba2283b9bc7ebc958b45074e469{\nheight:150px;\n}\n<\/style>\n<div  class='hr av-kzeavq0r-c2583ba2283b9bc7ebc958b45074e469 hr-invisible  avia-builder-el-1  el_before_av_heading  avia-builder-el-first '><span class='hr-inner '><span class=\"hr-inner-style\"><\/span><\/span><\/div>\n\n<style type=\"text\/css\" data-created_by=\"avia_inline_auto\" id=\"style-css-av-wqq16l-5d043e95d841e3629118dcf89d128b27\">\n#top .av-special-heading.av-wqq16l-5d043e95d841e3629118dcf89d128b27{\npadding-bottom:10px;\ncolor:#ffffff;\nfont-size:80px;\n}\nbody .av-special-heading.av-wqq16l-5d043e95d841e3629118dcf89d128b27 .av-special-heading-tag .heading-char{\nfont-size:25px;\n}\n#top #wrap_all .av-special-heading.av-wqq16l-5d043e95d841e3629118dcf89d128b27 .av-special-heading-tag{\nfont-size:80px;\n}\n.av-special-heading.av-wqq16l-5d043e95d841e3629118dcf89d128b27 .special-heading-inner-border{\nborder-color:#ffffff;\n}\n.av-special-heading.av-wqq16l-5d043e95d841e3629118dcf89d128b27 .av-subheading{\nfont-size:15px;\n}\n<\/style>\n<div  class='av-special-heading av-wqq16l-5d043e95d841e3629118dcf89d128b27 av-special-heading-h1 custom-color-heading blockquote modern-quote  avia-builder-el-2  el_after_av_hr  avia-builder-el-last  av-inherit-size'><h1 class='av-special-heading-tag'  itemprop=\"headline\"  >Results <\/h1><div class=\"special-heading-border\"><div class=\"special-heading-inner-border\"><\/div><\/div><\/div>\n<\/div><\/div><\/main><!-- close content main element --><\/div><\/div><\/div>\n<style type=\"text\/css\" data-created_by=\"avia_inline_auto\" id=\"style-css-av-tm43tp-e38f0df1d8a0d923d94e61aa0d876d84\">\n.avia-section.av-tm43tp-e38f0df1d8a0d923d94e61aa0d876d84 .av-extra-border-element .av-extra-border-inner{\nbackground-color:#ffffff;\n}\n<\/style>\n<div id='av_section_2'  class='avia-section av-tm43tp-e38f0df1d8a0d923d94e61aa0d876d84 main_color avia-section-default avia-no-border-styling  avia-builder-el-3  el_after_av_section  el_before_av_section  avia-bg-style-scroll av-arrow-down-section container_wrap fullsize'  ><div class='container av-section-cont-open' ><div class='template-page content  av-content-full alpha units'><div class='post-entry post-entry-type-page post-entry-2237'><div class='entry-content-wrapper clearfix'>\n\n<style type=\"text\/css\" data-created_by=\"avia_inline_auto\" id=\"style-css-av-ju9wiftx-84819cf248e3b8ef35dc6dd1e1052019\">\n#top .av-special-heading.av-ju9wiftx-84819cf248e3b8ef35dc6dd1e1052019{\npadding-bottom:30px;\n}\nbody .av-special-heading.av-ju9wiftx-84819cf248e3b8ef35dc6dd1e1052019 .av-special-heading-tag .heading-char{\nfont-size:25px;\n}\n#top #wrap_all .av-special-heading.av-ju9wiftx-84819cf248e3b8ef35dc6dd1e1052019 .av-special-heading-tag{\nfont-size:48px;\n}\n.av-special-heading.av-ju9wiftx-84819cf248e3b8ef35dc6dd1e1052019 .av-subheading{\nfont-size:15px;\n}\n<\/style>\n<div  class='av-special-heading av-ju9wiftx-84819cf248e3b8ef35dc6dd1e1052019 av-special-heading-h2  avia-builder-el-4  el_before_av_textblock  avia-builder-el-first  av-linked-heading'><h2 class='av-special-heading-tag'  itemprop=\"headline\"  >Results DEW21 E &#8212; BIKE Festival Dortmund presented by SHIMANO &#8211; 2019<\/h2><div class=\"special-heading-border\"><div class=\"special-heading-inner-border\"><\/div><\/div><\/div>\n<section  class='av_textblock_section av-ju5llg8x-1e3940d85ebd9e5cd5371f6a2acd7fe6'  itemscope=\"itemscope\" itemtype=\"https:\/\/schema.org\/CreativeWork\" ><div class='avia_textblock'  itemprop=\"text\" ><p><strong>CargoBike Race<br \/><\/strong><\/p>\n<p><a href=\"https:\/\/ebike-festival.org\/wp-content\/uploads\/sites\/7\/2019\/04\/EBF_Ergebnisse-CargoBikeRace-2019.pdf\" target=\"_blank\" rel=\"noopener\">Results CargoBike Race \/ Saturday 06.04.2019<\/a><\/p>\n<\/div><\/section>\n<section  class='av_textblock_section av-r7bj99-3d17d20da3424d9b3a0b212c7c3d6d71'  itemscope=\"itemscope\" itemtype=\"https:\/\/schema.org\/CreativeWork\" ><div class='avia_textblock'  itemprop=\"text\" ><p><strong>HUSQVARNA Bicycles Nightsprint<br \/><\/strong><\/p>\n<p><a href=\"https:\/\/ebike-festival.org\/wp-content\/uploads\/sites\/7\/2019\/04\/EBF_Qualifikation_HUSQVARNA-BICYCLES-NIGHTSPRINT_Ergebnisse_2019_WOMEN.pdf\" target=\"_blank\" rel=\"noopener\">Results Qualification Women<\/a><\/p>\n<p><a href=\"https:\/\/ebike-festival.org\/wp-content\/uploads\/sites\/7\/2019\/04\/EBF_Qualifikation_HUSQVARNA-BICYCLES-NIGHTSPRINT_Ergebnisse_2019_MEN.pdf\" target=\"_blank\" rel=\"noopener\">Results Qualification Men<\/a><\/p>\n<p><a href=\"https:\/\/ebike-festival.org\/wp-content\/uploads\/sites\/7\/2019\/04\/HUSQVARNA-Bicycles-Nightsprint-WOMEN.pdf\" target=\"_blank\" rel=\"noopener\">Results Women<\/a><\/p>\n<p><a href=\"https:\/\/ebike-festival.org\/wp-content\/uploads\/sites\/7\/2019\/04\/HUSQVARNA-Bicycles-Nightsprint-MEN.pdf\" target=\"_blank\" rel=\"noopener\">Results Men<\/a><\/p>\n<\/div><\/section>\n<\/div><\/div><\/div><!-- close content main div --><\/div><div class='av-extra-border-element border-extra-arrow-down'><div class='av-extra-border-outer'><div class='av-extra-border-inner'><\/div><\/div><\/div><\/div>\n<style type=\"text\/css\" data-created_by=\"avia_inline_auto\" id=\"style-css-av-mkqvml-21e217761f90e2ad48cab665c6ee887d\">\n.avia-section.av-mkqvml-21e217761f90e2ad48cab665c6ee887d .av-extra-border-element .av-extra-border-inner{\nbackground-color:#ffffff;\n}\n<\/style>\n<div id='av_section_3'  class='avia-section av-mkqvml-21e217761f90e2ad48cab665c6ee887d main_color avia-section-default avia-no-border-styling  avia-builder-el-7  el_after_av_section  el_before_av_section  avia-bg-style-scroll av-arrow-down-section container_wrap fullsize'  ><div class='container av-section-cont-open' ><div class='template-page content  av-content-full alpha units'><div class='post-entry post-entry-type-page post-entry-2237'><div class='entry-content-wrapper clearfix'>\n\n<style type=\"text\/css\" data-created_by=\"avia_inline_auto\" id=\"style-css-av-ju9wiq7m-8cfd022d219786df0b7b5965686d1b4c\">\n#top .av-special-heading.av-ju9wiq7m-8cfd022d219786df0b7b5965686d1b4c{\npadding-bottom:30px;\n}\nbody .av-special-heading.av-ju9wiq7m-8cfd022d219786df0b7b5965686d1b4c .av-special-heading-tag .heading-char{\nfont-size:25px;\n}\n#top #wrap_all .av-special-heading.av-ju9wiq7m-8cfd022d219786df0b7b5965686d1b4c .av-special-heading-tag{\nfont-size:48px;\n}\n.av-special-heading.av-ju9wiq7m-8cfd022d219786df0b7b5965686d1b4c .av-subheading{\nfont-size:15px;\n}\n<\/style>\n<div  class='av-special-heading av-ju9wiq7m-8cfd022d219786df0b7b5965686d1b4c av-special-heading-h2  avia-builder-el-8  el_before_av_textblock  avia-builder-el-first  av-linked-heading'><h2 class='av-special-heading-tag'  itemprop=\"headline\"  >Results DEW21 E &#8212; BIKE Festival Dortmund presented by SHIMANO &#8211; 2018<\/h2><div class=\"special-heading-border\"><div class=\"special-heading-inner-border\"><\/div><\/div><\/div>\n<section  class='av_textblock_section av-kb27fh-4d32271c480d58a0160ffaadd8664c39'  itemscope=\"itemscope\" itemtype=\"https:\/\/schema.org\/CreativeWork\" ><div class='avia_textblock'  itemprop=\"text\" ><p><strong>CargoBike Race<br \/><\/strong><\/p>\n<p><a href=\"http:\/\/ebike-festival.org\/wp-content\/uploads\/sites\/7\/2018\/04\/EBF_2018_CargoBikeRace.pdf\" target=\"_blank\" rel=\"noopener\">Results CargoBike Race \/ Saturday 07.04.2018<\/a><\/p>\n<\/div><\/section>\n<section  class='av_textblock_section av-jnw0kd-cc6524ccc1960edad9c8348cffe046c6'  itemscope=\"itemscope\" itemtype=\"https:\/\/schema.org\/CreativeWork\" ><div class='avia_textblock'  itemprop=\"text\" ><p><strong>HUSQVARNA Bicycles Nightsprint<br \/><\/strong><\/p>\n<p><a href=\"http:\/\/ebike-festival.org\/wp-content\/uploads\/sites\/7\/2018\/04\/Ergebnisse-Qualifikation-Nightsprint.pdf\">Results Qualification<\/a><\/p>\n<p><a href=\"http:\/\/ebike-festival.org\/wp-content\/uploads\/sites\/7\/2018\/04\/EBF_2018_Nightsprint_Ergebnisse_WOMEN.pdf\">Results Women<\/a><\/p>\n<p><a href=\"http:\/\/ebike-festival.org\/wp-content\/uploads\/sites\/7\/2018\/04\/EBF_2018_Nightsprint_Ergebnisse_MEN.pdf\">Results Men<\/a><\/p>\n<\/div><\/section>\n<\/div><\/div><\/div><!-- close content main div --><\/div><div class='av-extra-border-element border-extra-arrow-down'><div class='av-extra-border-outer'><div class='av-extra-border-inner'><\/div><\/div><\/div><\/div>\n<style type=\"text\/css\" data-created_by=\"avia_inline_auto\" id=\"style-css-av-1g3wl9-14bf8b7db3cf378734ef907765cc9db5\">\n.avia-section.av-1g3wl9-14bf8b7db3cf378734ef907765cc9db5 .av-extra-border-element .av-extra-border-inner{\nbackground-color:#ffffff;\n}\n<\/style>\n<div id='av_section_4'  class='avia-section av-1g3wl9-14bf8b7db3cf378734ef907765cc9db5 main_color avia-section-default avia-no-border-styling  avia-builder-el-11  el_after_av_section  el_before_av_section  avia-bg-style-scroll av-arrow-down-section container_wrap fullsize'  ><div class='container av-section-cont-open' ><div class='template-page content  av-content-full alpha units'><div class='post-entry post-entry-type-page post-entry-2237'><div class='entry-content-wrapper clearfix'>\n\n<style type=\"text\/css\" data-created_by=\"avia_inline_auto\" id=\"style-css-av-gd493h-96f1869a4d048763f77f92f5c7161c38\">\n#top .av-special-heading.av-gd493h-96f1869a4d048763f77f92f5c7161c38{\npadding-bottom:30px;\n}\nbody .av-special-heading.av-gd493h-96f1869a4d048763f77f92f5c7161c38 .av-special-heading-tag .heading-char{\nfont-size:25px;\n}\n#top #wrap_all .av-special-heading.av-gd493h-96f1869a4d048763f77f92f5c7161c38 .av-special-heading-tag{\nfont-size:48px;\n}\n.av-special-heading.av-gd493h-96f1869a4d048763f77f92f5c7161c38 .av-subheading{\nfont-size:15px;\n}\n<\/style>\n<div  class='av-special-heading av-gd493h-96f1869a4d048763f77f92f5c7161c38 av-special-heading-h2  avia-builder-el-12  el_before_av_textblock  avia-builder-el-first '><h2 class='av-special-heading-tag'  itemprop=\"headline\"  >Results E &#8212; BIKE Festival Dortmund presented by SHIMANO &#8211; 2017<\/h2><div class=\"special-heading-border\"><div class=\"special-heading-inner-border\"><\/div><\/div><\/div>\n<section  class='av_textblock_section av-4liil-93d13fb176086bfb57a4e7647240b071'  itemscope=\"itemscope\" itemtype=\"https:\/\/schema.org\/CreativeWork\" ><div class='avia_textblock'  itemprop=\"text\" ><p><strong>CargoBike Race<br \/><\/strong><\/p>\n<p>Results CargoBike Race \/ Saturday 08.04.2017<strong> <a href=\"http:\/\/ebike-festival.org\/wp-content\/uploads\/sites\/7\/2016\/04\/Results-CargoBike-Race.pdf\" target=\"_blank\" rel=\"noopener\">Download<\/a><\/strong><\/p>\n<p><strong>E &#8211; Bike Nighsprint<\/strong><\/p>\n<p>Results E-Bike Nightsprint \/ Saturday 08.04.2017 <strong><a href=\"http:\/\/ebike-festival.org\/wp-content\/uploads\/sites\/7\/2016\/04\/Nightsprint_EBF_2017_final.pdf\" target=\"_blank\" rel=\"noopener\">Download<\/a><\/strong><\/p>\n<p><strong>Scott Junior Trophy presented by Ruhr Nachrichten\u00a0<\/strong><\/p>\n<p>Results Scott Junior Trophy presented by Ruhr Nachrichten \/ Sunday 09.04.2017 <strong><a href=\"http:\/\/ebike-festival.org\/wp-content\/uploads\/sites\/7\/2016\/04\/SJT_Ergebnisse_Dortmund-2017.pdf\">Download<\/a><\/strong><\/p>\n<\/div><\/section>\n<\/div><\/div><\/div><!-- close content main div --><\/div><div class='av-extra-border-element border-extra-arrow-down'><div class='av-extra-border-outer'><div class='av-extra-border-inner'><\/div><\/div><\/div><\/div>\n<style type=\"text\/css\" data-created_by=\"avia_inline_auto\" id=\"style-css-av-7nodyl-560058aaba1f4fcb5efbfef6172e058f\">\n.avia-section.av-7nodyl-560058aaba1f4fcb5efbfef6172e058f .av-extra-border-element .av-extra-border-inner{\nbackground-color:#ffffff;\n}\n<\/style>\n<div id='av_section_5'  class='avia-section av-7nodyl-560058aaba1f4fcb5efbfef6172e058f main_color avia-section-default avia-no-border-styling  avia-builder-el-14  el_after_av_section  avia-builder-el-last  avia-bg-style-scroll av-arrow-down-section container_wrap fullsize'  ><div class='container av-section-cont-open' ><div class='template-page content  av-content-full alpha units'><div class='post-entry post-entry-type-page post-entry-2237'><div class='entry-content-wrapper clearfix'>\n\n<style type=\"text\/css\" data-created_by=\"avia_inline_auto\" id=\"style-css-av-v4l8d-f73ff82222c1a7969471f1d05ab1d9ae\">\n#top .av-special-heading.av-v4l8d-f73ff82222c1a7969471f1d05ab1d9ae{\npadding-bottom:30px;\n}\nbody .av-special-heading.av-v4l8d-f73ff82222c1a7969471f1d05ab1d9ae .av-special-heading-tag .heading-char{\nfont-size:25px;\n}\n#top #wrap_all .av-special-heading.av-v4l8d-f73ff82222c1a7969471f1d05ab1d9ae .av-special-heading-tag{\nfont-size:48px;\n}\n.av-special-heading.av-v4l8d-f73ff82222c1a7969471f1d05ab1d9ae .av-subheading{\nfont-size:15px;\n}\n<\/style>\n<div  class='av-special-heading av-v4l8d-f73ff82222c1a7969471f1d05ab1d9ae av-special-heading-h2  avia-builder-el-15  el_before_av_textblock  avia-builder-el-first '><h2 class='av-special-heading-tag'  itemprop=\"headline\"  >Results E &#8212; BIKE Festival Dortmund presented by SHIMANO &#8211; 2016<\/h2><div class=\"special-heading-border\"><div class=\"special-heading-inner-border\"><\/div><\/div><\/div>\n<section  class='av_textblock_section av-61ozct-8dee5c431d39cceb43f63c38fc33e5f7'  itemscope=\"itemscope\" itemtype=\"https:\/\/schema.org\/CreativeWork\" ><div class='avia_textblock'  itemprop=\"text\" ><p><strong>DSW21 E-Bike Nightsprint<\/strong><\/p>\n<p>Qualification DSW21 E-Bike Nightsprint MEN <a href=\"http:\/\/static.anmeldungs-service.de\/pdf\/1460817605_1721706008.pdf\" target=\"_blank\" rel=\"noopener\"><strong>DOWNLOAD<\/strong><\/a><\/p>\n<p>Qualification DSW21 E-Bike Nightsprint WOMEN <a href=\"http:\/\/static.anmeldungs-service.de\/pdf\/1460817605_456850412.pdf\" target=\"_blank\" rel=\"noopener\"><strong>DOWNLOAD<\/strong><\/a><\/p>\n<p>Qualification DSW21 E-Bike Nightsprint TOTAL <a href=\"http:\/\/static.anmeldungs-service.de\/pdf\/1460817605_2029082223.pdf\" target=\"_blank\" rel=\"noopener\"><strong>DOWNLOAD<\/strong><\/a><\/p>\n<p>Finals DSW21 E-Bike Nightsprint MEN <strong><a href=\"http:\/\/static.anmeldungs-service.de\/pdf\/1460833424_1232826495.pdf\" target=\"_blank\" rel=\"noopener\">DOWNLOAD<\/a><\/strong><\/p>\n<p>Finals DSW21 E-Bike Nightsprint <strong><a href=\"http:\/\/static.anmeldungs-service.de\/pdf\/1460833424_264241033.pdf\" target=\"_blank\" rel=\"noopener\">WOMEN<\/a><\/strong><\/p>\n<\/div><\/section>\n<section  class='av_textblock_section av-3pipul-d9375b90ccebd3729e8a51ce33c6d5e7'  itemscope=\"itemscope\" itemtype=\"https:\/\/schema.org\/CreativeWork\" ><div class='avia_textblock'  itemprop=\"text\" ><p><strong>CargoBike Race<br \/><\/strong><\/p>\n<p>Results CargoBike Race \/ Friday 15.04.2016<strong> <a href=\"http:\/\/ebike-festival.org\/wp-content\/uploads\/sites\/7\/2016\/04\/CargoBike-Race-Placing.pdf\" target=\"_blank\" rel=\"noopener\">DOWNLOAD<\/a><\/strong><\/p>\n<\/div><\/section>\n<section  class='av_textblock_section av-1ukb5p-924ee07e4bb39874e45993546f36a319'  itemscope=\"itemscope\" itemtype=\"https:\/\/schema.org\/CreativeWork\" ><div class='avia_textblock'  itemprop=\"text\" ><p><strong>BUFF eMTB XC Race<\/strong><\/p>\n<p>Results BUFF eMTB XC race women \/ Saturday 16.04.2016<strong><a href=\"http:\/\/static.anmeldungs-service.de\/pdf\/1460799809_684301846.pdf\" target=\"_blank\" rel=\"noopener\"> DOWNLOAD<\/a><\/strong><\/p>\n<p>Results BUFF eMTB XC race men \/ Saturday 16.04.2016 <a href=\"http:\/\/static.anmeldungs-service.de\/pdf\/1460799809_1021800053.pdf\" target=\"_blank\" rel=\"noopener\"><strong>DOWNLOAD<\/strong><\/a><\/p>\n<\/div><\/section>\n<\/p>\n","protected":false},"excerpt":{"rendered":"","protected":false},"author":2,"featured_media":0,"parent":850,"menu_order":0,"comment_status":"closed","ping_status":"closed","template":"","meta":[],"yoast_head":"<!-- This site is optimized with the Yoast SEO plugin v18.0 - https:\/\/yoast.com\/wordpress\/plugins\/seo\/ -->\n<title>Results - E-Bike Festival Dortmund<\/title>\n<meta name=\"robots\" content=\"index, follow, max-snippet:-1, max-image-preview:large, max-video-preview:-1\" \/>\n<link rel=\"canonical\" href=\"https:\/\/ebike-festival.org\/en\/festival\/results\/\" \/>\n<meta property=\"og:locale\" content=\"en_US\" \/>\n<meta property=\"og:type\" content=\"article\" \/>\n<meta property=\"og:title\" content=\"Results - E-Bike Festival Dortmund\" \/>\n<meta property=\"og:url\" content=\"https:\/\/ebike-festival.org\/en\/festival\/results\/\" \/>\n<meta property=\"og:site_name\" content=\"E-Bike Festival Dortmund\" \/>\n<meta property=\"article:modified_time\" content=\"2022-02-08T15:54:21+00:00\" \/>\n<meta name=\"twitter:card\" content=\"summary_large_image\" \/>\n<meta name=\"twitter:label1\" content=\"Est. reading time\" \/>\n\t<meta name=\"twitter:data1\" content=\"8 minutes\" \/>\n<script type=\"application\/ld+json\" class=\"yoast-schema-graph\">{\"@context\":\"https:\/\/schema.org\",\"@graph\":[{\"@type\":\"WebSite\",\"@id\":\"https:\/\/ebike-festival.org\/#website\",\"url\":\"https:\/\/ebike-festival.org\/\",\"name\":\"E-Bike Festival Dortmund\",\"description\":\"Das weltweit gr\u00f6\u00dfte Festival rund um das Thema E-Mobilt\u00e4t!\",\"potentialAction\":[{\"@type\":\"SearchAction\",\"target\":{\"@type\":\"EntryPoint\",\"urlTemplate\":\"https:\/\/ebike-festival.org\/?s={search_term_string}\"},\"query-input\":\"required name=search_term_string\"}],\"inLanguage\":\"en-US\"},{\"@type\":\"WebPage\",\"@id\":\"https:\/\/ebike-festival.org\/en\/festival\/results\/#webpage\",\"url\":\"https:\/\/ebike-festival.org\/en\/festival\/results\/\",\"name\":\"Results - E-Bike Festival Dortmund\",\"isPartOf\":{\"@id\":\"https:\/\/ebike-festival.org\/#website\"},\"datePublished\":\"2016-04-15T17:55:44+00:00\",\"dateModified\":\"2022-02-08T15:54:21+00:00\",\"breadcrumb\":{\"@id\":\"https:\/\/ebike-festival.org\/en\/festival\/results\/#breadcrumb\"},\"inLanguage\":\"en-US\",\"potentialAction\":[{\"@type\":\"ReadAction\",\"target\":[\"https:\/\/ebike-festival.org\/en\/festival\/results\/\"]}]},{\"@type\":\"BreadcrumbList\",\"@id\":\"https:\/\/ebike-festival.org\/en\/festival\/results\/#breadcrumb\",\"itemListElement\":[{\"@type\":\"ListItem\",\"position\":1,\"name\":\"Startseite\",\"item\":\"https:\/\/ebike-festival.org\/en\/\"},{\"@type\":\"ListItem\",\"position\":2,\"name\":\"Festival\",\"item\":\"https:\/\/ebike-festival.org\/en\/festival\/\"},{\"@type\":\"ListItem\",\"position\":3,\"name\":\"Results\"}]}]}<\/script>\n<!-- \/ Yoast SEO plugin. -->","yoast_head_json":{"title":"Results - E-Bike Festival Dortmund","robots":{"index":"index","follow":"follow","max-snippet":"max-snippet:-1","max-image-preview":"max-image-preview:large","max-video-preview":"max-video-preview:-1"},"canonical":"https:\/\/ebike-festival.org\/en\/festival\/results\/","og_locale":"en_US","og_type":"article","og_title":"Results - E-Bike Festival Dortmund","og_url":"https:\/\/ebike-festival.org\/en\/festival\/results\/","og_site_name":"E-Bike Festival Dortmund","article_modified_time":"2022-02-08T15:54:21+00:00","twitter_card":"summary_large_image","twitter_misc":{"Est. reading time":"8 minutes"},"schema":{"@context":"https:\/\/schema.org","@graph":[{"@type":"WebSite","@id":"https:\/\/ebike-festival.org\/#website","url":"https:\/\/ebike-festival.org\/","name":"E-Bike Festival Dortmund","description":"Das weltweit gr\u00f6\u00dfte Festival rund um das Thema E-Mobilt\u00e4t!","potentialAction":[{"@type":"SearchAction","target":{"@type":"EntryPoint","urlTemplate":"https:\/\/ebike-festival.org\/?s={search_term_string}"},"query-input":"required name=search_term_string"}],"inLanguage":"en-US"},{"@type":"WebPage","@id":"https:\/\/ebike-festival.org\/en\/festival\/results\/#webpage","url":"https:\/\/ebike-festival.org\/en\/festival\/results\/","name":"Results - E-Bike Festival Dortmund","isPartOf":{"@id":"https:\/\/ebike-festival.org\/#website"},"datePublished":"2016-04-15T17:55:44+00:00","dateModified":"2022-02-08T15:54:21+00:00","breadcrumb":{"@id":"https:\/\/ebike-festival.org\/en\/festival\/results\/#breadcrumb"},"inLanguage":"en-US","potentialAction":[{"@type":"ReadAction","target":["https:\/\/ebike-festival.org\/en\/festival\/results\/"]}]},{"@type":"BreadcrumbList","@id":"https:\/\/ebike-festival.org\/en\/festival\/results\/#breadcrumb","itemListElement":[{"@type":"ListItem","position":1,"name":"Startseite","item":"https:\/\/ebike-festival.org\/en\/"},{"@type":"ListItem","position":2,"name":"Festival","item":"https:\/\/ebike-festival.org\/en\/festival\/"},{"@type":"ListItem","position":3,"name":"Results"}]}]}},"_links":{"self":[{"href":"https:\/\/ebike-festival.org\/en\/wp-json\/wp\/v2\/pages\/2237"}],"collection":[{"href":"https:\/\/ebike-festival.org\/en\/wp-json\/wp\/v2\/pages"}],"about":[{"href":"https:\/\/ebike-festival.org\/en\/wp-json\/wp\/v2\/types\/page"}],"author":[{"embeddable":true,"href":"https:\/\/ebike-festival.org\/en\/wp-json\/wp\/v2\/users\/2"}],"replies":[{"embeddable":true,"href":"https:\/\/ebike-festival.org\/en\/wp-json\/wp\/v2\/comments?post=2237"}],"version-history":[{"count":0,"href":"https:\/\/ebike-festival.org\/en\/wp-json\/wp\/v2\/pages\/2237\/revisions"}],"up":[{"embeddable":true,"href":"https:\/\/ebike-festival.org\/en\/wp-json\/wp\/v2\/pages\/850"}],"wp:attachment":[{"href":"https:\/\/ebike-festival.org\/en\/wp-json\/wp\/v2\/media?parent=2237"}],"curies":[{"name":"wp","href":"https:\/\/api.w.org\/{rel}","templated":true}]}}