{"id":1560,"date":"2016-02-09T12:47:31","date_gmt":"2016-02-09T11:47:31","guid":{"rendered":"http:\/\/ebike-festival.org\/en\/festival\/testen\/"},"modified":"2022-02-08T16:35:12","modified_gmt":"2022-02-08T15:35:12","slug":"testing","status":"publish","type":"page","link":"https:\/\/ebike-festival.org\/en\/testing\/","title":{"rendered":"SHIMANO Test Area"},"content":{"rendered":"\n<style type=\"text\/css\" data-created_by=\"avia_inline_auto\" id=\"style-css-av-ju9hck98-b6f3ce25b96c8c75feeae1625fb6e9a3\">\n.avia-section.av-ju9hck98-b6f3ce25b96c8c75feeae1625fb6e9a3{\nbackground-color:#444444;\nbackground-repeat:no-repeat;\nbackground-image:url(https:\/\/ebike-festival.org\/wp-content\/uploads\/sites\/7\/2019\/04\/www_andifrank_de_1862.jpg);\nbackground-position:50% 50%;\nbackground-attachment:scroll;\n}\n.avia-section.av-ju9hck98-b6f3ce25b96c8c75feeae1625fb6e9a3 .av-section-color-overlay{\nopacity:0.2;\nbackground-color:#000000;\n}\n<\/style>\n<div id='av_section_1'  class='avia-section av-ju9hck98-b6f3ce25b96c8c75feeae1625fb6e9a3 main_color avia-section-default avia-no-border-styling  avia-builder-el-0  el_before_av_section  avia-builder-el-first  ebike-gray avia-full-stretch avia-bg-style-scroll av-section-color-overlay-active av-minimum-height av-minimum-height-custom  container_wrap fullsize'  data-section-bg-repeat='stretch'><div class=\"av-section-color-overlay-wrap\"><div class=\"av-section-color-overlay\"><\/div><div class='container av-section-cont-open' style='height:400px'><main  role=\"main\" itemprop=\"mainContentOfPage\"  class='template-page content  av-content-full alpha units'><div class='post-entry post-entry-type-page post-entry-1560'><div class='entry-content-wrapper clearfix'>\n\n<style type=\"text\/css\" data-created_by=\"avia_inline_auto\" id=\"style-css-av-kzea9ej4-8a6fe5b28e7f0002202f95ebafc22c75\">\n#top .hr.hr-invisible.av-kzea9ej4-8a6fe5b28e7f0002202f95ebafc22c75{\nheight:150px;\n}\n<\/style>\n<div  class='hr av-kzea9ej4-8a6fe5b28e7f0002202f95ebafc22c75 hr-invisible  avia-builder-el-1  el_before_av_heading  avia-builder-el-first '><span class='hr-inner '><span class=\"hr-inner-style\"><\/span><\/span><\/div>\n\n<style type=\"text\/css\" data-created_by=\"avia_inline_auto\" id=\"style-css-av-k42pucyg-d5256bc5008bbf67edb4f4ee65ab5f06\">\n#top .av-special-heading.av-k42pucyg-d5256bc5008bbf67edb4f4ee65ab5f06{\npadding-bottom:10px;\ncolor:#ffffff;\nfont-size:80px;\n}\nbody .av-special-heading.av-k42pucyg-d5256bc5008bbf67edb4f4ee65ab5f06 .av-special-heading-tag .heading-char{\nfont-size:25px;\n}\n#top #wrap_all .av-special-heading.av-k42pucyg-d5256bc5008bbf67edb4f4ee65ab5f06 .av-special-heading-tag{\nfont-size:80px;\n}\n.av-special-heading.av-k42pucyg-d5256bc5008bbf67edb4f4ee65ab5f06 .special-heading-inner-border{\nborder-color:#ffffff;\n}\n.av-special-heading.av-k42pucyg-d5256bc5008bbf67edb4f4ee65ab5f06 .av-subheading{\nfont-size:15px;\n}\n<\/style>\n<div  class='av-special-heading av-k42pucyg-d5256bc5008bbf67edb4f4ee65ab5f06 av-special-heading-h1 custom-color-heading blockquote modern-quote  avia-builder-el-2  el_after_av_hr  avia-builder-el-last  av-inherit-size av-linked-heading'><h1 class='av-special-heading-tag'  itemprop=\"headline\"  >SHIMANO Test Area<\/h1><div class=\"special-heading-border\"><div class=\"special-heading-inner-border\"><\/div><\/div><\/div>\n\n<\/div><\/div><\/main><!-- close content main element --><\/div><\/div><\/div><div id='av_section_2'  class='avia-section av-eon0y0-f6b2ce3f400f15d398706f01f1a6eadc main_color avia-section-default avia-no-border-styling  avia-builder-el-3  el_after_av_section  el_before_av_section  avia-bg-style-scroll container_wrap fullsize'  ><div class='container av-section-cont-open' ><div class='template-page content  av-content-full alpha units'><div class='post-entry post-entry-type-page post-entry-1560'><div class='entry-content-wrapper clearfix'>\n\n<style type=\"text\/css\" data-created_by=\"avia_inline_auto\" id=\"style-css-av-c5w4x4-72c88d61b184f3262ac3e3ced5be7713\">\n.flex_column.av-c5w4x4-72c88d61b184f3262ac3e3ced5be7713{\nborder-radius:0px 0px 0px 0px;\n-webkit-border-radius:0px 0px 0px 0px;\n-moz-border-radius:0px 0px 0px 0px;\n}\n<\/style>\n<div class='flex_column av-c5w4x4-72c88d61b184f3262ac3e3ced5be7713 av_one_full  avia-builder-el-4  el_before_av_one_full  avia-builder-el-first  first flex_column_div av-zero-column-padding '   ><section  class='av_textblock_section av-afset4-93e0b51c681cf70abb387d1a9505b1c5'  itemscope=\"itemscope\" itemtype=\"https:\/\/schema.org\/CreativeWork\" ><div class='avia_textblock'  itemprop=\"text\" ><p style=\"text-align: justify;\">Test the newest e-bikes and equipment for free &#8211; a unique opportunity at the DEW21 E \u2014 BIKE Festival Dortmund 2022 presented by SHIMANO! In line with our slogan, \u201cPlug into the future to get energized!\u201d, visitors will be able to try out an electric bicycle in various matching surroundings. Visitors may obtain their desired product on loan right from the exhibitors at the Expo. All they need to do is present a valid ID. The following testing options are available, depending on the type of bicycle:<\/p>\n<\/div><\/section><\/div>\n<style type=\"text\/css\" data-created_by=\"avia_inline_auto\" id=\"style-css-av-8i5jw8-db9fbffe200ebee9bab301e761244985\">\n.flex_column.av-8i5jw8-db9fbffe200ebee9bab301e761244985{\nborder-radius:0px 0px 0px 0px;\n-webkit-border-radius:0px 0px 0px 0px;\n-moz-border-radius:0px 0px 0px 0px;\n}\n<\/style>\n<div class='flex_column av-8i5jw8-db9fbffe200ebee9bab301e761244985 av_one_full  avia-builder-el-6  el_after_av_one_full  avia-builder-el-last  first flex_column_div av-zero-column-padding column-top-margin'   ><p>\n<style type=\"text\/css\" data-created_by=\"avia_inline_auto\" id=\"style-css-av-2mwqqw-335022288257a41ab8c50c57f14ec8ea\">\n#top .av-special-heading.av-2mwqqw-335022288257a41ab8c50c57f14ec8ea{\npadding-bottom:10px;\n}\nbody .av-special-heading.av-2mwqqw-335022288257a41ab8c50c57f14ec8ea .av-special-heading-tag .heading-char{\nfont-size:25px;\n}\n.av-special-heading.av-2mwqqw-335022288257a41ab8c50c57f14ec8ea .av-subheading{\nfont-size:15px;\n}\n<\/style>\n<div  class='av-special-heading av-2mwqqw-335022288257a41ab8c50c57f14ec8ea av-special-heading-h2  avia-builder-el-7  el_before_av_iconlist  avia-builder-el-first '><h2 class='av-special-heading-tag'  itemprop=\"headline\"  >SHIMANO Test Area<\/h2><div class=\"special-heading-border\"><div class=\"special-heading-inner-border\"><\/div><\/div><\/div><br \/>\n<div  class='avia-icon-list-container av-ni0g8-f98a2e324b1500c3b691b247e73be96b  avia-builder-el-8  el_after_av_heading  avia-builder-el-last '><ul class='avia-icon-list avia_animate_when_almost_visible avia-icon-list-left av-iconlist-big av-ni0g8-f98a2e324b1500c3b691b247e73be96b avia-iconlist-animate'>\n<li><div class='iconlist_icon av-3uww2g-937b6c4c9a172bef54364d6e76462f47 avia-font-entypo-fontello'><span class='iconlist-char' aria-hidden='true' data-av_icon='\ue809' data-av_iconfont='entypo-fontello'><\/span><\/div><article class=\"article-icon-entry \"  itemscope=\"itemscope\" itemtype=\"https:\/\/schema.org\/CreativeWork\" ><div class=\"iconlist_content_wrap\"><header class=\"entry-content-header\"><h4 class='av_iconlist_title iconlist_title  '  itemprop=\"headline\" >EMTB test parcours<\/h4><\/header><div class='iconlist_content '  itemprop=\"text\" ><p><span class=\"\" lang=\"EN-US\">In the middle of Dortmund&#8217;s city center just behind the church Reinoldikirche,<\/span> Diddie Schneider will layout and build the <span class=\"\" lang=\"EN-US\">new eMTB test course at the SHIMANO Test Area. Visitors can test the latest eMTBs on this spectacular track with steep turns, bumps, and jumps. No desire remains unfulfilled, whether for beginners or pros.<\/span><\/p>\n<\/div><\/div><footer class=\"entry-footer\"><\/footer><\/article><div class=\"iconlist-timeline\"><\/div><\/li>\n<li><div class='iconlist_icon av-3ao5i0-8028788d1c5daf7a5620dacb7dbec843 avia-font-entypo-fontello'><span class='iconlist-char' aria-hidden='true' data-av_icon='\ue808' data-av_iconfont='entypo-fontello'><\/span><\/div><article class=\"article-icon-entry \"  itemscope=\"itemscope\" itemtype=\"https:\/\/schema.org\/CreativeWork\" ><div class=\"iconlist_content_wrap\"><header class=\"entry-content-header\"><h4 class='av_iconlist_title iconlist_title  '  itemprop=\"headline\" >EURBAN test parcours<\/h4><\/header><div class='iconlist_content '  itemprop=\"text\" ><p>The eUrban test course at SHIMANO Test Area offers the perfect opportunity to try out the urban driving pleasure. A variety of surfaces and a 5 meter high ramp provide different options to test. You can examine the electric drive and other components of the current top city, urban, and trekking eBikes.<\/p>\n<\/div><\/div><footer class=\"entry-footer\"><\/footer><\/article><div class=\"iconlist-timeline\"><\/div><\/li>\n<\/ul><\/div><\/p><\/div><\/div><\/div><\/div><!-- close content main div --><\/div><\/div><div id='av_section_3'  class='avia-section av-23hda0-a06ff05d849884da0e55c511fc4e45a9 main_color avia-section-default avia-no-border-styling  avia-builder-el-9  el_after_av_section  avia-builder-el-last  ebike-gray avia-bg-style-fixed av-minimum-height av-minimum-height-custom  container_wrap fullsize'  ><div class='container av-section-cont-open' style='height:200px'><div class='template-page content  av-content-full alpha units'><div class='post-entry post-entry-type-page post-entry-1560'><div class='entry-content-wrapper clearfix'><\/p>\n","protected":false},"excerpt":{"rendered":"","protected":false},"author":2,"featured_media":0,"parent":0,"menu_order":0,"comment_status":"closed","ping_status":"closed","template":"","meta":[],"yoast_head":"<!-- This site is optimized with the Yoast SEO plugin v18.0 - https:\/\/yoast.com\/wordpress\/plugins\/seo\/ -->\n<title>SHIMANO Test Area - E-Bike Festival Dortmund<\/title>\n<meta name=\"robots\" content=\"index, follow, max-snippet:-1, max-image-preview:large, max-video-preview:-1\" \/>\n<link rel=\"canonical\" href=\"https:\/\/ebike-festival.org\/en\/festival\/testing\/\" \/>\n<meta property=\"og:locale\" content=\"en_US\" \/>\n<meta property=\"og:type\" content=\"article\" \/>\n<meta property=\"og:title\" content=\"SHIMANO Test Area - E-Bike Festival Dortmund\" \/>\n<meta property=\"og:url\" content=\"https:\/\/ebike-festival.org\/en\/festival\/testing\/\" \/>\n<meta property=\"og:site_name\" content=\"E-Bike Festival Dortmund\" \/>\n<meta property=\"article:modified_time\" content=\"2022-02-08T15:35:12+00:00\" \/>\n<meta name=\"twitter:card\" content=\"summary_large_image\" \/>\n<meta name=\"twitter:label1\" content=\"Est. reading time\" \/>\n\t<meta name=\"twitter:data1\" content=\"5 minutes\" \/>\n<script type=\"application\/ld+json\" class=\"yoast-schema-graph\">{\"@context\":\"https:\/\/schema.org\",\"@graph\":[{\"@type\":\"WebSite\",\"@id\":\"https:\/\/ebike-festival.org\/#website\",\"url\":\"https:\/\/ebike-festival.org\/\",\"name\":\"E-Bike Festival Dortmund\",\"description\":\"Das weltweit gr\u00f6\u00dfte Festival rund um das Thema E-Mobilt\u00e4t!\",\"potentialAction\":[{\"@type\":\"SearchAction\",\"target\":{\"@type\":\"EntryPoint\",\"urlTemplate\":\"https:\/\/ebike-festival.org\/?s={search_term_string}\"},\"query-input\":\"required name=search_term_string\"}],\"inLanguage\":\"en-US\"},{\"@type\":\"WebPage\",\"@id\":\"https:\/\/ebike-festival.org\/en\/festival\/testing\/#webpage\",\"url\":\"https:\/\/ebike-festival.org\/en\/festival\/testing\/\",\"name\":\"SHIMANO Test Area - E-Bike Festival Dortmund\",\"isPartOf\":{\"@id\":\"https:\/\/ebike-festival.org\/#website\"},\"datePublished\":\"2016-02-09T11:47:31+00:00\",\"dateModified\":\"2022-02-08T15:35:12+00:00\",\"breadcrumb\":{\"@id\":\"https:\/\/ebike-festival.org\/en\/festival\/testing\/#breadcrumb\"},\"inLanguage\":\"en-US\",\"potentialAction\":[{\"@type\":\"ReadAction\",\"target\":[\"https:\/\/ebike-festival.org\/en\/festival\/testing\/\"]}]},{\"@type\":\"BreadcrumbList\",\"@id\":\"https:\/\/ebike-festival.org\/en\/festival\/testing\/#breadcrumb\",\"itemListElement\":[{\"@type\":\"ListItem\",\"position\":1,\"name\":\"Startseite\",\"item\":\"https:\/\/ebike-festival.org\/en\/\"},{\"@type\":\"ListItem\",\"position\":2,\"name\":\"Festival\",\"item\":\"https:\/\/ebike-festival.org\/en\/festival\/\"},{\"@type\":\"ListItem\",\"position\":3,\"name\":\"SHIMANO Test Area\"}]}]}<\/script>\n<!-- \/ Yoast SEO plugin. -->","yoast_head_json":{"title":"SHIMANO Test Area - E-Bike Festival Dortmund","robots":{"index":"index","follow":"follow","max-snippet":"max-snippet:-1","max-image-preview":"max-image-preview:large","max-video-preview":"max-video-preview:-1"},"canonical":"https:\/\/ebike-festival.org\/en\/festival\/testing\/","og_locale":"en_US","og_type":"article","og_title":"SHIMANO Test Area - E-Bike Festival Dortmund","og_url":"https:\/\/ebike-festival.org\/en\/festival\/testing\/","og_site_name":"E-Bike Festival Dortmund","article_modified_time":"2022-02-08T15:35:12+00:00","twitter_card":"summary_large_image","twitter_misc":{"Est. reading time":"5 minutes"},"schema":{"@context":"https:\/\/schema.org","@graph":[{"@type":"WebSite","@id":"https:\/\/ebike-festival.org\/#website","url":"https:\/\/ebike-festival.org\/","name":"E-Bike Festival Dortmund","description":"Das weltweit gr\u00f6\u00dfte Festival rund um das Thema E-Mobilt\u00e4t!","potentialAction":[{"@type":"SearchAction","target":{"@type":"EntryPoint","urlTemplate":"https:\/\/ebike-festival.org\/?s={search_term_string}"},"query-input":"required name=search_term_string"}],"inLanguage":"en-US"},{"@type":"WebPage","@id":"https:\/\/ebike-festival.org\/en\/festival\/testing\/#webpage","url":"https:\/\/ebike-festival.org\/en\/festival\/testing\/","name":"SHIMANO Test Area - E-Bike Festival Dortmund","isPartOf":{"@id":"https:\/\/ebike-festival.org\/#website"},"datePublished":"2016-02-09T11:47:31+00:00","dateModified":"2022-02-08T15:35:12+00:00","breadcrumb":{"@id":"https:\/\/ebike-festival.org\/en\/festival\/testing\/#breadcrumb"},"inLanguage":"en-US","potentialAction":[{"@type":"ReadAction","target":["https:\/\/ebike-festival.org\/en\/festival\/testing\/"]}]},{"@type":"BreadcrumbList","@id":"https:\/\/ebike-festival.org\/en\/festival\/testing\/#breadcrumb","itemListElement":[{"@type":"ListItem","position":1,"name":"Startseite","item":"https:\/\/ebike-festival.org\/en\/"},{"@type":"ListItem","position":2,"name":"Festival","item":"https:\/\/ebike-festival.org\/en\/festival\/"},{"@type":"ListItem","position":3,"name":"SHIMANO Test Area"}]}]}},"_links":{"self":[{"href":"https:\/\/ebike-festival.org\/en\/wp-json\/wp\/v2\/pages\/1560"}],"collection":[{"href":"https:\/\/ebike-festival.org\/en\/wp-json\/wp\/v2\/pages"}],"about":[{"href":"https:\/\/ebike-festival.org\/en\/wp-json\/wp\/v2\/types\/page"}],"author":[{"embeddable":true,"href":"https:\/\/ebike-festival.org\/en\/wp-json\/wp\/v2\/users\/2"}],"replies":[{"embeddable":true,"href":"https:\/\/ebike-festival.org\/en\/wp-json\/wp\/v2\/comments?post=1560"}],"version-history":[{"count":0,"href":"https:\/\/ebike-festival.org\/en\/wp-json\/wp\/v2\/pages\/1560\/revisions"}],"wp:attachment":[{"href":"https:\/\/ebike-festival.org\/en\/wp-json\/wp\/v2\/media?parent=1560"}],"curies":[{"name":"wp","href":"https:\/\/api.w.org\/{rel}","templated":true}]}}